{"id":13328,"date":"2023-06-09T23:54:41","date_gmt":"2023-06-09T21:54:41","guid":{"rendered":"https:\/\/www.space-cycle.com\/?page_id=13328"},"modified":"2024-09-02T15:09:21","modified_gmt":"2024-09-02T13:09:21","slug":"refer-your-friends","status":"publish","type":"page","link":"https:\/\/www.space-cycle.com\/en\/refer-your-friends\/","title":{"rendered":"refer a friend"},"content":{"rendered":"\t\t<div data-elementor-type=\"wp-page\" data-elementor-id=\"13328\" class=\"elementor elementor-13328\" data-elementor-post-type=\"page\">\n\t\t\t\t<div class=\"elementor-element elementor-element-74d12c8 e-flex e-con-boxed e-con e-parent\" data-id=\"74d12c8\" data-element_type=\"container\" data-e-type=\"container\" data-settings=\"{&quot;background_background&quot;:&quot;classic&quot;}\">\n\t\t\t\t\t<div class=\"e-con-inner\">\n\t\t\t\t<div class=\"elementor-element elementor-element-9e27562 elementor-widget elementor-widget-heading\" data-id=\"9e27562\" data-element_type=\"widget\" data-e-type=\"widget\" data-widget_type=\"heading.default\">\n\t\t\t\t<div class=\"elementor-widget-container\">\n\t\t\t\t\t<p class=\"elementor-heading-title elementor-size-default\">parrainage<\/p>\t\t\t\t<\/div>\n\t\t\t\t<\/div>\n\t\t\t\t<div class=\"elementor-element elementor-element-c384645 elementor-widget__width-initial elementor-widget elementor-widget-heading\" data-id=\"c384645\" data-element_type=\"widget\" data-e-type=\"widget\" data-widget_type=\"heading.default\">\n\t\t\t\t<div class=\"elementor-widget-container\">\n\t\t\t\t\t<h1 class=\"elementor-heading-title elementor-size-default\">Wanna ride with somebody?<\/h1>\t\t\t\t<\/div>\n\t\t\t\t<\/div>\n\t\t\t\t<div class=\"elementor-element elementor-element-8c66a0d elementor-widget elementor-widget-text-editor\" data-id=\"8c66a0d\" data-element_type=\"widget\" data-e-type=\"widget\" data-widget_type=\"text-editor.default\">\n\t\t\t\t<div class=\"elementor-widget-container\">\n\t\t\t\t\t\t\t\t\tSoyez r\u00e9compens\u00e9s en partageant tout l\u2019amour que vous nous portez !<br><br><strong>Recevez 15\u20ac pour chaque ami parrain\u00e9, il recevra 15\u20ac en retour.<\/strong>\t\t\t\t\t\t\t\t<\/div>\n\t\t\t\t<\/div>\n\t\t\t\t\t<\/div>\n\t\t\t\t<\/div>\n\t\t\t\t<section class=\"elementor-section elementor-top-section elementor-element elementor-element-6f34e9e2 elementor-section-stretched elementor-section-full_width elementor-section-height-min-height elementor-section-items-stretch elementor-section-height-default\" data-id=\"6f34e9e2\" data-element_type=\"section\" data-e-type=\"section\" data-settings=\"{&quot;stretch_section&quot;:&quot;section-stretched&quot;}\">\n\t\t\t\t\t\t<div class=\"elementor-container elementor-column-gap-no\">\n\t\t\t\t\t<div class=\"elementor-column elementor-col-50 elementor-top-column elementor-element elementor-element-6d9761d1\" data-id=\"6d9761d1\" data-element_type=\"column\" data-e-type=\"column\" data-settings=\"{&quot;background_background&quot;:&quot;classic&quot;}\">\n\t\t\t<div class=\"elementor-widget-wrap elementor-element-populated\">\n\t\t\t\t\t\t<div class=\"elementor-element elementor-element-483ee11e elementor-widget elementor-widget-spacer\" data-id=\"483ee11e\" data-element_type=\"widget\" data-e-type=\"widget\" data-widget_type=\"spacer.default\">\n\t\t\t\t<div class=\"elementor-widget-container\">\n\t\t\t\t\t\t\t<div class=\"elementor-spacer\">\n\t\t\t<div class=\"elementor-spacer-inner\"><\/div>\n\t\t<\/div>\n\t\t\t\t\t\t<\/div>\n\t\t\t\t<\/div>\n\t\t\t\t\t<\/div>\n\t\t<\/div>\n\t\t\t\t<div class=\"elementor-column elementor-col-50 elementor-top-column elementor-element elementor-element-d04319\" data-id=\"d04319\" data-element_type=\"column\" data-e-type=\"column\">\n\t\t\t<div class=\"elementor-widget-wrap elementor-element-populated\">\n\t\t\t\t\t\t<div class=\"elementor-element elementor-element-6596db8 elementor-widget elementor-widget-heading\" data-id=\"6596db8\" data-element_type=\"widget\" data-e-type=\"widget\" data-widget_type=\"heading.default\">\n\t\t\t\t<div class=\"elementor-widget-container\">\n\t\t\t\t\t<h2 class=\"elementor-heading-title elementor-size-default\">Comment \u00e7a marche ?<\/h2>\t\t\t\t<\/div>\n\t\t\t\t<\/div>\n\t\t\t\t<div class=\"elementor-element elementor-element-5338d375 elementor-widget__width-initial elementor-icon-list--layout-traditional elementor-list-item-link-full_width elementor-widget elementor-widget-icon-list\" data-id=\"5338d375\" data-element_type=\"widget\" data-e-type=\"widget\" data-widget_type=\"icon-list.default\">\n\t\t\t\t<div class=\"elementor-widget-container\">\n\t\t\t\t\t\t\t<ul class=\"elementor-icon-list-items\">\n\t\t\t\t\t\t\t<li class=\"elementor-icon-list-item\">\n\t\t\t\t\t\t\t\t\t\t\t<span class=\"elementor-icon-list-icon\">\n\t\t\t\t\t\t\t<svg xmlns=\"http:\/\/www.w3.org\/2000\/svg\" width=\"44\" height=\"43\" viewBox=\"0 0 44 43\" fill=\"none\"><path d=\"M21.236 26.75V17.375H19.181L20.231 16.1H22.526V26.75H21.236Z\" fill=\"black\"><\/path><rect x=\"0.75\" y=\"1\" width=\"42.5\" height=\"40.5\" rx=\"20.25\" stroke=\"black\" stroke-width=\"1.5\"><\/rect><\/svg>\t\t\t\t\t\t<\/span>\n\t\t\t\t\t\t\t\t\t\t<span class=\"elementor-icon-list-text\">Connectez-vous \u00e0 votre compte  et acc\u00e9dez \u00e0 la page Parrainage.<\/span>\n\t\t\t\t\t\t\t\t\t<\/li>\n\t\t\t\t\t\t\t\t<li class=\"elementor-icon-list-item\">\n\t\t\t\t\t\t\t\t\t\t\t<span class=\"elementor-icon-list-icon\">\n\t\t\t\t\t\t\t<svg xmlns=\"http:\/\/www.w3.org\/2000\/svg\" width=\"44\" height=\"43\" viewBox=\"0 0 44 43\" fill=\"none\"><path d=\"M24.9529 26.005V27.25H18.0529V26.74C18.0529 26.37 18.1079 26.02 18.2179 25.69C18.3379 25.35 18.4679 25.065 18.6079 24.835C18.7479 24.605 18.9679 24.35 19.2679 24.07C19.5679 23.78 19.8029 23.57 19.9729 23.44C20.1429 23.3 20.4279 23.09 20.8279 22.81C21.2279 22.52 21.4929 22.33 21.6229 22.24C22.3329 21.72 22.8229 21.285 23.0929 20.935C23.3729 20.575 23.5129 20.105 23.5129 19.525C23.5129 18.965 23.3329 18.52 22.9729 18.19C22.6129 17.85 22.1429 17.68 21.5629 17.68C20.9529 17.68 20.4329 17.865 20.0029 18.235C19.5729 18.605 19.3579 19.12 19.3579 19.78H18.0379C18.0379 18.78 18.3679 17.97 19.0279 17.35C19.6979 16.73 20.5379 16.42 21.5479 16.42C22.4879 16.42 23.2679 16.69 23.8879 17.23C24.5179 17.77 24.8329 18.54 24.8329 19.54C24.8329 20.3 24.6479 20.95 24.2779 21.49C23.9079 22.02 23.2729 22.61 22.3729 23.26C22.2029 23.38 21.9629 23.55 21.6529 23.77C21.3429 23.98 21.1029 24.15 20.9329 24.28C20.7629 24.41 20.5729 24.57 20.3629 24.76C20.1629 24.94 20.0029 25.135 19.8829 25.345C19.7729 25.545 19.6929 25.765 19.6429 26.005H24.9529Z\" fill=\"black\"><\/path><rect x=\"0.75\" y=\"1.5\" width=\"42.5\" height=\"40.5\" rx=\"20.25\" stroke=\"black\" stroke-width=\"1.5\"><\/rect><\/svg>\t\t\t\t\t\t<\/span>\n\t\t\t\t\t\t\t\t\t\t<span class=\"elementor-icon-list-text\">Copiez-collez le lien de parrainage ci-dessous et partagez-le \u00e0 vos proches.<\/span>\n\t\t\t\t\t\t\t\t\t<\/li>\n\t\t\t\t\t\t\t\t<li class=\"elementor-icon-list-item\">\n\t\t\t\t\t\t\t\t\t\t\t<span class=\"elementor-icon-list-icon\">\n\t\t\t\t\t\t\t<svg xmlns=\"http:\/\/www.w3.org\/2000\/svg\" width=\"44\" height=\"43\" viewBox=\"0 0 44 43\" fill=\"none\"><path d=\"M21.6044 27.4C20.5444 27.4 19.6444 27.08 18.9044 26.44C18.1744 25.79 17.8094 24.98 17.8094 24.01H19.1144C19.1544 24.64 19.4094 25.155 19.8794 25.555C20.3494 25.945 20.9244 26.14 21.6044 26.14C22.2244 26.14 22.7394 25.97 23.1494 25.63C23.5594 25.29 23.7644 24.82 23.7644 24.22C23.7644 23.58 23.5544 23.1 23.1344 22.78C22.7244 22.46 22.1594 22.3 21.4394 22.3H20.6444V21.115H21.4994C22.0694 21.115 22.5344 20.955 22.8944 20.635C23.2644 20.315 23.4544 19.9 23.4644 19.39C23.4644 18.89 23.2794 18.48 22.9094 18.16C22.5494 17.84 22.0944 17.68 21.5444 17.68C20.9144 17.68 20.3844 17.865 19.9544 18.235C19.5244 18.605 19.3094 19.12 19.3094 19.78H17.9894C17.9894 18.76 18.3294 17.945 19.0094 17.335C19.6894 16.725 20.5344 16.42 21.5444 16.42C22.4744 16.42 23.2444 16.69 23.8544 17.23C24.4744 17.76 24.7844 18.465 24.7844 19.345C24.7744 19.855 24.6344 20.315 24.3644 20.725C24.1044 21.135 23.7644 21.45 23.3444 21.67C23.8844 21.89 24.3094 22.23 24.6194 22.69C24.9294 23.14 25.0844 23.665 25.0844 24.265C25.0844 25.195 24.7594 25.95 24.1094 26.53C23.4594 27.11 22.6244 27.4 21.6044 27.4Z\" fill=\"black\"><\/path><rect x=\"0.75\" y=\"1.5\" width=\"42.5\" height=\"40.5\" rx=\"20.25\" stroke=\"black\" stroke-width=\"1.5\"><\/rect><\/svg>\t\t\t\t\t\t<\/span>\n\t\t\t\t\t\t\t\t\t\t<span class=\"elementor-icon-list-text\">Valable pour chaque nouveau membre parrain\u00e9 effectuant un achat d\u2019au moins 35\u20ac dans le mois suivant son inscription.<\/span>\n\t\t\t\t\t\t\t\t\t<\/li>\n\t\t\t\t\t\t<\/ul>\n\t\t\t\t\t\t<\/div>\n\t\t\t\t<\/div>\n\t\t\t\t<div class=\"elementor-element elementor-element-91f1142 elementor-widget elementor-widget-html\" data-id=\"91f1142\" data-element_type=\"widget\" data-e-type=\"widget\" data-widget_type=\"html.default\">\n\t\t\t\t<div class=\"elementor-widget-container\">\n\t\t\t\t\t<script id=\"insert-bsport-widget-cdn\">!function (b, s, p, o, r, t) { !typeof window.BsportWidget !== \"undefined\" && !document.getElementById(\"bsport-widget-cdn\") && !function () { m = b.createElement(s), m.id = \"bsport-widget-cdn\", m.src = p, b.getElementsByTagName(\"head\")[0].appendChild(m) }() }(document, \"script\", \"https:\/\/cdn.bsport.io\/scripts\/widget.js\")<\/script>\r\n    <script id=\"bsport-widget-mount\">\r\n        function MountBsportWidget(config, repeat=1) {\r\n            if (repeat > 50) { return }\r\n            if (!window.BsportWidget) {\r\n                return setTimeout(() => {\r\n                    MountBsportWidget(config,repeat+1)\r\n                }, 100 * repeat || 1)\r\n            }\r\n            BsportWidget.mount(config)\r\n        }\r\n    <\/script>\r\n    <script>\r\n        MountBsportWidget({\r\n                \"parentElement\": \"bsport-widget-774367\",\r\n                \"companyId\": 2440,\r\n                \"franchiseId\": null,\r\n                \"dialogMode\": 1,\r\n                \"widgetType\": \"referral\", \r\n                \"showFab\": false,\r\n                \"fullScreenPopup\": false,\r\n                \"styles\":undefined,\r\n                \"config\": {\r\n                    \"referral\": {}\r\n                }  \r\n            })\r\n    <\/script>\r\n<div><div id=\"bsport-widget-774367\"\/><\/div>\t\t\t\t<\/div>\n\t\t\t\t<\/div>\n\t\t\t\t\t<\/div>\n\t\t<\/div>\n\t\t\t\t\t<\/div>\n\t\t<\/section>\n\t\t\t\t<\/div>\n\t\t","protected":false},"excerpt":{"rendered":"<p>parrainage Wanna ride with somebody? Soyez r\u00e9compens\u00e9s en partageant tout l\u2019amour que vous nous portez ! Recevez 15\u20ac pour chaque ami parrain\u00e9, il recevra 15\u20ac en retour. Comment \u00e7a marche ? Connectez-vous \u00e0 votre compte et acc\u00e9dez \u00e0 la page Parrainage. Copiez-collez le lien de parrainage ci-dessous et partagez-le \u00e0 vos proches. Valable pour chaque [&hellip;]<\/p>\n","protected":false},"author":2,"featured_media":15720,"parent":0,"menu_order":0,"comment_status":"closed","ping_status":"closed","template":"","meta":{"_acf_changed":false,"footnotes":""},"class_list":["post-13328","page","type-page","status-publish","has-post-thumbnail","hentry"],"acf":[],"yoast_head":"<!-- This site is optimized with the Yoast SEO plugin v27.5 - https:\/\/yoast.com\/product\/yoast-seo-wordpress\/ -->\n<title>Parrainage - Space Cycle<\/title>\n<meta name=\"description\" content=\"Wanna ride with somebody ? Recevez 15\u20ac pour chaque ami parrain\u00e9, il recevra 15\u20ac en retour.\" \/>\n<meta name=\"robots\" content=\"index, follow, max-snippet:-1, max-image-preview:large, max-video-preview:-1\" \/>\n<link rel=\"canonical\" href=\"https:\/\/www.space-cycle.com\/en\/refer-your-friends\/\" \/>\n<meta property=\"og:locale\" content=\"en_GB\" \/>\n<meta property=\"og:type\" content=\"article\" \/>\n<meta property=\"og:title\" content=\"Parrainage - Space Cycle\" \/>\n<meta property=\"og:description\" content=\"Wanna ride with somebody ? Recevez 15\u20ac pour chaque ami parrain\u00e9, il recevra 15\u20ac en retour.\" \/>\n<meta property=\"og:url\" content=\"https:\/\/www.space-cycle.com\/en\/refer-your-friends\/\" \/>\n<meta property=\"og:site_name\" content=\"Space Cycle\" \/>\n<meta property=\"article:modified_time\" content=\"2024-09-02T13:09:21+00:00\" \/>\n<meta property=\"og:image\" content=\"https:\/\/www.space-cycle.com\/wp-content\/uploads\/PARRAINAGE-ENCART-TITRE-1024x446.png\" \/>\n\t<meta property=\"og:image:width\" content=\"1024\" \/>\n\t<meta property=\"og:image:height\" content=\"446\" \/>\n\t<meta property=\"og:image:type\" content=\"image\/png\" \/>\n<meta name=\"twitter:card\" content=\"summary_large_image\" \/>\n<meta name=\"twitter:label1\" content=\"Estimated reading time\" \/>\n\t<meta name=\"twitter:data1\" content=\"1 minute\" \/>\n<script type=\"application\/ld+json\" class=\"yoast-schema-graph\">{\"@context\":\"https:\\\/\\\/schema.org\",\"@graph\":[{\"@type\":\"WebPage\",\"@id\":\"https:\\\/\\\/www.space-cycle.com\\\/parrainage\\\/\",\"url\":\"https:\\\/\\\/www.space-cycle.com\\\/parrainage\\\/\",\"name\":\"Parrainage - Space Cycle\",\"isPartOf\":{\"@id\":\"https:\\\/\\\/www.space-cycle.com\\\/#website\"},\"primaryImageOfPage\":{\"@id\":\"https:\\\/\\\/www.space-cycle.com\\\/parrainage\\\/#primaryimage\"},\"image\":{\"@id\":\"https:\\\/\\\/www.space-cycle.com\\\/parrainage\\\/#primaryimage\"},\"thumbnailUrl\":\"https:\\\/\\\/www.space-cycle.com\\\/wp-content\\\/uploads\\\/PARRAINAGE-ENCART-TITRE.png\",\"datePublished\":\"2023-06-09T21:54:41+00:00\",\"dateModified\":\"2024-09-02T13:09:21+00:00\",\"description\":\"Wanna ride with somebody ? Recevez 15\u20ac pour chaque ami parrain\u00e9, il recevra 15\u20ac en retour.\",\"breadcrumb\":{\"@id\":\"https:\\\/\\\/www.space-cycle.com\\\/parrainage\\\/#breadcrumb\"},\"inLanguage\":\"en-GB\",\"potentialAction\":[{\"@type\":\"ReadAction\",\"target\":[\"https:\\\/\\\/www.space-cycle.com\\\/parrainage\\\/\"]}]},{\"@type\":\"ImageObject\",\"inLanguage\":\"en-GB\",\"@id\":\"https:\\\/\\\/www.space-cycle.com\\\/parrainage\\\/#primaryimage\",\"url\":\"https:\\\/\\\/www.space-cycle.com\\\/wp-content\\\/uploads\\\/PARRAINAGE-ENCART-TITRE.png\",\"contentUrl\":\"https:\\\/\\\/www.space-cycle.com\\\/wp-content\\\/uploads\\\/PARRAINAGE-ENCART-TITRE.png\",\"width\":2560,\"height\":1116},{\"@type\":\"BreadcrumbList\",\"@id\":\"https:\\\/\\\/www.space-cycle.com\\\/parrainage\\\/#breadcrumb\",\"itemListElement\":[{\"@type\":\"ListItem\",\"position\":1,\"name\":\"Accueil\",\"item\":\"https:\\\/\\\/www.space-cycle.com\\\/\"},{\"@type\":\"ListItem\",\"position\":2,\"name\":\"Parrainage\"}]},{\"@type\":\"WebSite\",\"@id\":\"https:\\\/\\\/www.space-cycle.com\\\/#website\",\"url\":\"https:\\\/\\\/www.space-cycle.com\\\/\",\"name\":\"Space Cycle\",\"description\":\"\",\"publisher\":{\"@id\":\"https:\\\/\\\/www.space-cycle.com\\\/#organization\"},\"potentialAction\":[{\"@type\":\"SearchAction\",\"target\":{\"@type\":\"EntryPoint\",\"urlTemplate\":\"https:\\\/\\\/www.space-cycle.com\\\/?s={search_term_string}\"},\"query-input\":{\"@type\":\"PropertyValueSpecification\",\"valueRequired\":true,\"valueName\":\"search_term_string\"}}],\"inLanguage\":\"en-GB\"},{\"@type\":\"Organization\",\"@id\":\"https:\\\/\\\/www.space-cycle.com\\\/#organization\",\"name\":\"Space Cycle\",\"url\":\"https:\\\/\\\/www.space-cycle.com\\\/\",\"logo\":{\"@type\":\"ImageObject\",\"inLanguage\":\"en-GB\",\"@id\":\"https:\\\/\\\/www.space-cycle.com\\\/#\\\/schema\\\/logo\\\/image\\\/\",\"url\":\"https:\\\/\\\/www.space-cycle.com\\\/wp-content\\\/uploads\\\/logo-black.svg\",\"contentUrl\":\"https:\\\/\\\/www.space-cycle.com\\\/wp-content\\\/uploads\\\/logo-black.svg\",\"width\":1,\"height\":1,\"caption\":\"Space Cycle\"},\"image\":{\"@id\":\"https:\\\/\\\/www.space-cycle.com\\\/#\\\/schema\\\/logo\\\/image\\\/\"}}]}<\/script>\n<!-- \/ Yoast SEO plugin. -->","yoast_head_json":{"title":"Sponsorship - Space Cycle","description":"Wanna ride with somebody? Receive \u20ac15 for each friend you refer, and they will receive \u20ac15 in return.","robots":{"index":"index","follow":"follow","max-snippet":"max-snippet:-1","max-image-preview":"max-image-preview:large","max-video-preview":"max-video-preview:-1"},"canonical":"https:\/\/www.space-cycle.com\/en\/refer-your-friends\/","og_locale":"en_GB","og_type":"article","og_title":"Parrainage - Space Cycle","og_description":"Wanna ride with somebody ? Recevez 15\u20ac pour chaque ami parrain\u00e9, il recevra 15\u20ac en retour.","og_url":"https:\/\/www.space-cycle.com\/en\/refer-your-friends\/","og_site_name":"Space Cycle","article_modified_time":"2024-09-02T13:09:21+00:00","og_image":[{"width":1024,"height":446,"url":"https:\/\/www.space-cycle.com\/wp-content\/uploads\/PARRAINAGE-ENCART-TITRE-1024x446.png","type":"image\/png"}],"twitter_card":"summary_large_image","twitter_misc":{"Estimated reading time":"1 minute"},"schema":{"@context":"https:\/\/schema.org","@graph":[{"@type":"WebPage","@id":"https:\/\/www.space-cycle.com\/parrainage\/","url":"https:\/\/www.space-cycle.com\/parrainage\/","name":"Sponsorship - Space Cycle","isPartOf":{"@id":"https:\/\/www.space-cycle.com\/#website"},"primaryImageOfPage":{"@id":"https:\/\/www.space-cycle.com\/parrainage\/#primaryimage"},"image":{"@id":"https:\/\/www.space-cycle.com\/parrainage\/#primaryimage"},"thumbnailUrl":"https:\/\/www.space-cycle.com\/wp-content\/uploads\/PARRAINAGE-ENCART-TITRE.png","datePublished":"2023-06-09T21:54:41+00:00","dateModified":"2024-09-02T13:09:21+00:00","description":"Wanna ride with somebody? Receive \u20ac15 for each friend you refer, and they will receive \u20ac15 in return.","breadcrumb":{"@id":"https:\/\/www.space-cycle.com\/parrainage\/#breadcrumb"},"inLanguage":"en-GB","potentialAction":[{"@type":"ReadAction","target":["https:\/\/www.space-cycle.com\/parrainage\/"]}]},{"@type":"ImageObject","inLanguage":"en-GB","@id":"https:\/\/www.space-cycle.com\/parrainage\/#primaryimage","url":"https:\/\/www.space-cycle.com\/wp-content\/uploads\/PARRAINAGE-ENCART-TITRE.png","contentUrl":"https:\/\/www.space-cycle.com\/wp-content\/uploads\/PARRAINAGE-ENCART-TITRE.png","width":2560,"height":1116},{"@type":"BreadcrumbList","@id":"https:\/\/www.space-cycle.com\/parrainage\/#breadcrumb","itemListElement":[{"@type":"ListItem","position":1,"name":"Accueil","item":"https:\/\/www.space-cycle.com\/"},{"@type":"ListItem","position":2,"name":"Parrainage"}]},{"@type":"WebSite","@id":"https:\/\/www.space-cycle.com\/#website","url":"https:\/\/www.space-cycle.com\/","name":"Space Cycle","description":"","publisher":{"@id":"https:\/\/www.space-cycle.com\/#organization"},"potentialAction":[{"@type":"SearchAction","target":{"@type":"EntryPoint","urlTemplate":"https:\/\/www.space-cycle.com\/?s={search_term_string}"},"query-input":{"@type":"PropertyValueSpecification","valueRequired":true,"valueName":"search_term_string"}}],"inLanguage":"en-GB"},{"@type":"Organization","@id":"https:\/\/www.space-cycle.com\/#organization","name":"Space Cycle","url":"https:\/\/www.space-cycle.com\/","logo":{"@type":"ImageObject","inLanguage":"en-GB","@id":"https:\/\/www.space-cycle.com\/#\/schema\/logo\/image\/","url":"https:\/\/www.space-cycle.com\/wp-content\/uploads\/logo-black.svg","contentUrl":"https:\/\/www.space-cycle.com\/wp-content\/uploads\/logo-black.svg","width":1,"height":1,"caption":"Space Cycle"},"image":{"@id":"https:\/\/www.space-cycle.com\/#\/schema\/logo\/image\/"}}]}},"jetpack_sharing_enabled":true,"publishpress_future_action":{"enabled":false,"date":"2026-05-06 07:48:54","action":"change-status","newStatus":"draft","terms":[],"taxonomy":"","extraData":[]},"publishpress_future_workflow_manual_trigger":{"enabledWorkflows":[]},"_links":{"self":[{"href":"https:\/\/www.space-cycle.com\/en\/wp-json\/wp\/v2\/pages\/13328","targetHints":{"allow":["GET"]}}],"collection":[{"href":"https:\/\/www.space-cycle.com\/en\/wp-json\/wp\/v2\/pages"}],"about":[{"href":"https:\/\/www.space-cycle.com\/en\/wp-json\/wp\/v2\/types\/page"}],"author":[{"embeddable":true,"href":"https:\/\/www.space-cycle.com\/en\/wp-json\/wp\/v2\/users\/2"}],"replies":[{"embeddable":true,"href":"https:\/\/www.space-cycle.com\/en\/wp-json\/wp\/v2\/comments?post=13328"}],"version-history":[{"count":3,"href":"https:\/\/www.space-cycle.com\/en\/wp-json\/wp\/v2\/pages\/13328\/revisions"}],"predecessor-version":[{"id":19483,"href":"https:\/\/www.space-cycle.com\/en\/wp-json\/wp\/v2\/pages\/13328\/revisions\/19483"}],"wp:featuredmedia":[{"embeddable":true,"href":"https:\/\/www.space-cycle.com\/en\/wp-json\/wp\/v2\/media\/15720"}],"wp:attachment":[{"href":"https:\/\/www.space-cycle.com\/en\/wp-json\/wp\/v2\/media?parent=13328"}],"curies":[{"name":"wp","href":"https:\/\/api.w.org\/{rel}","templated":true}]}}