{"id":13352,"date":"2023-06-09T23:58:11","date_gmt":"2023-06-09T21:58:11","guid":{"rendered":"https:\/\/www.space-cycle.com\/?page_id=13352"},"modified":"2025-12-11T09:52:15","modified_gmt":"2025-12-11T08:52:15","slug":"coaches","status":"publish","type":"page","link":"https:\/\/www.space-cycle.com\/en\/coaches\/","title":{"rendered":"trainers"},"content":{"rendered":"<div data-elementor-type=\"wp-page\" data-elementor-id=\"13352\" class=\"elementor elementor-13352\" data-elementor-post-type=\"page\">\n\t\t\t\t\t\t<section class=\"elementor-section elementor-top-section elementor-element elementor-element-7ffbee3 elementor-section-boxed elementor-section-height-default elementor-section-height-default\" data-id=\"7ffbee3\" data-element_type=\"section\" data-e-type=\"section\">\n\t\t\t\t\t\t<div class=\"elementor-container elementor-column-gap-default\">\n\t\t\t\t\t<div class=\"elementor-column elementor-col-25 elementor-top-column elementor-element elementor-element-188c658 elementor-hidden-phone\" data-id=\"188c658\" data-element_type=\"column\" data-e-type=\"column\">\n\t\t\t<div class=\"elementor-widget-wrap\">\n\t\t\t\t\t\t\t<\/div>\n\t\t<\/div>\n\t\t\t\t<div class=\"elementor-column elementor-col-50 elementor-top-column elementor-element elementor-element-16c0fce\" data-id=\"16c0fce\" data-element_type=\"column\" data-e-type=\"column\">\n\t\t\t<div class=\"elementor-widget-wrap elementor-element-populated\">\n\t\t\t\t\t\t<div class=\"elementor-element elementor-element-8acf3b0 elementor-widget elementor-widget-heading\" data-id=\"8acf3b0\" data-element_type=\"widget\" data-e-type=\"widget\" data-widget_type=\"heading.default\">\n\t\t\t\t<div class=\"elementor-widget-container\">\n\t\t\t\t\t<h1 class=\"elementor-heading-title elementor-size-default\">Our coaches<\/h1>\t\t\t\t<\/div>\n\t\t\t\t<\/div>\n\t\t\t\t<div class=\"elementor-element elementor-element-fe2e7cc elementor-widget elementor-widget-text-editor\" data-id=\"fe2e7cc\" data-element_type=\"widget\" data-e-type=\"widget\" data-widget_type=\"text-editor.default\">\n\t\t\t\t<div class=\"elementor-widget-container\">\n\t\t\t\t\t\t\t\t\t<p>Discover the profiles of the coaches who will set the pace for your sessions!<\/p>\t\t\t\t\t\t\t\t<\/div>\n\t\t\t\t<\/div>\n\t\t\t\t\t<\/div>\n\t\t<\/div>\n\t\t\t\t<div class=\"elementor-column elementor-col-25 elementor-top-column elementor-element elementor-element-15d7c2c elementor-hidden-phone\" data-id=\"15d7c2c\" data-element_type=\"column\" data-e-type=\"column\">\n\t\t\t<div class=\"elementor-widget-wrap\">\n\t\t\t\t\t\t\t<\/div>\n\t\t<\/div>\n\t\t\t\t\t<\/div>\n\t\t<\/section>\n\t\t<div class=\"elementor-element elementor-element-e7161a7 e-flex e-con-boxed e-con e-parent\" data-id=\"e7161a7\" data-element_type=\"container\" data-e-type=\"container\">\n\t\t\t\t\t<div class=\"e-con-inner\">\n\t\t<div class=\"elementor-element elementor-element-96a0098 e-con-full e-flex e-con e-child\" data-id=\"96a0098\" data-element_type=\"container\" data-e-type=\"container\">\n\t\t<a class=\"elementor-element elementor-element-cfaa517 e-con-full bloc-coach e-flex e-con e-child\" data-id=\"cfaa517\" data-element_type=\"container\" data-e-type=\"container\" data-settings=\"{&quot;background_background&quot;:&quot;classic&quot;}\" href=\"https:\/\/www.space-cycle.com\/en\/coaches\/antoine\/\">\n\t\t\t\t<\/a>\n\t\t\t\t<\/div>\n\t\t<div class=\"elementor-element elementor-element-fe35394 e-con-full e-flex e-con e-child\" data-id=\"fe35394\" data-element_type=\"container\" data-e-type=\"container\">\n\t\t<a class=\"elementor-element elementor-element-36a1500 e-con-full bloc-coach e-flex e-con e-child\" data-id=\"36a1500\" data-element_type=\"container\" data-e-type=\"container\" data-settings=\"{&quot;background_background&quot;:&quot;classic&quot;}\" href=\"https:\/\/www.space-cycle.com\/en\/coaches\/valeria\/\">\n\t\t\t\t<\/a>\n\t\t\t\t<\/div>\n\t\t<div class=\"elementor-element elementor-element-5cc1cb2 e-con-full e-flex e-con e-child\" data-id=\"5cc1cb2\" data-element_type=\"container\" data-e-type=\"container\">\n\t\t<a class=\"elementor-element elementor-element-9fa1f1e e-con-full bloc-coach e-flex e-con e-child\" data-id=\"9fa1f1e\" data-element_type=\"container\" data-e-type=\"container\" data-settings=\"{&quot;background_background&quot;:&quot;classic&quot;}\" href=\"https:\/\/www.space-cycle.com\/en\/coaches\/honored\/\">\n\t\t\t\t<\/a>\n\t\t\t\t<\/div>\n\t\t\t\t\t<\/div>\n\t\t\t\t<\/div>\n\t\t<div class=\"elementor-element elementor-element-3d988d5 e-flex e-con-boxed e-con e-parent\" data-id=\"3d988d5\" data-element_type=\"container\" data-e-type=\"container\">\n\t\t\t\t\t<div class=\"e-con-inner\">\n\t\t<div class=\"elementor-element elementor-element-498a96f e-con-full e-flex e-con e-child\" data-id=\"498a96f\" data-element_type=\"container\" data-e-type=\"container\">\n\t\t<a class=\"elementor-element elementor-element-250368a e-con-full bloc-coach e-flex e-con e-child\" data-id=\"250368a\" data-element_type=\"container\" data-e-type=\"container\" data-settings=\"{&quot;background_background&quot;:&quot;classic&quot;}\" href=\"https:\/\/www.space-cycle.com\/en\/coaches\/ximena\/\">\n\t\t\t\t<\/a>\n\t\t\t\t<\/div>\n\t\t<div class=\"elementor-element elementor-element-ef6c010 e-con-full e-flex e-con e-child\" data-id=\"ef6c010\" data-element_type=\"container\" data-e-type=\"container\">\n\t\t<a class=\"elementor-element elementor-element-ba5ce6e e-con-full bloc-coach e-flex e-con e-child\" data-id=\"ba5ce6e\" data-element_type=\"container\" data-e-type=\"container\" data-settings=\"{&quot;background_background&quot;:&quot;classic&quot;}\" href=\"https:\/\/www.space-cycle.com\/en\/coaches\/sabrina\/\">\n\t\t\t\t<\/a>\n\t\t\t\t<\/div>\n\t\t<div class=\"elementor-element elementor-element-1457e68 e-con-full e-flex e-con e-child\" data-id=\"1457e68\" data-element_type=\"container\" data-e-type=\"container\">\n\t\t<a class=\"elementor-element elementor-element-f8f532a e-con-full bloc-coach e-flex e-con e-child\" data-id=\"f8f532a\" data-element_type=\"container\" data-e-type=\"container\" data-settings=\"{&quot;background_background&quot;:&quot;classic&quot;}\" href=\"https:\/\/www.space-cycle.com\/en\/coaches\/andrea\/\">\n\t\t\t\t<\/a>\n\t\t\t\t<\/div>\n\t\t\t\t\t<\/div>\n\t\t\t\t<\/div>\n\t\t<div class=\"elementor-element elementor-element-01355f8 e-flex e-con-boxed e-con e-parent\" data-id=\"01355f8\" data-element_type=\"container\" data-e-type=\"container\">\n\t\t\t\t\t<div class=\"e-con-inner\">\n\t\t<div class=\"elementor-element elementor-element-7a07bed e-con-full e-flex e-con e-child\" data-id=\"7a07bed\" data-element_type=\"container\" data-e-type=\"container\">\n\t\t<a class=\"elementor-element elementor-element-44fc7a7 e-con-full bloc-coach e-flex e-con e-child\" data-id=\"44fc7a7\" data-element_type=\"container\" data-e-type=\"container\" data-settings=\"{&quot;background_background&quot;:&quot;classic&quot;}\" href=\"https:\/\/www.space-cycle.com\/en\/coaches\/levana\/\">\n\t\t\t\t<\/a>\n\t\t\t\t<\/div>\n\t\t<div class=\"elementor-element elementor-element-02344e7 e-con-full e-flex e-con e-child\" data-id=\"02344e7\" data-element_type=\"container\" data-e-type=\"container\">\n\t\t<a class=\"elementor-element elementor-element-c8c9f51 e-con-full bloc-coach e-flex e-con e-child\" data-id=\"c8c9f51\" data-element_type=\"container\" data-e-type=\"container\" data-settings=\"{&quot;background_background&quot;:&quot;classic&quot;}\" href=\"https:\/\/www.space-cycle.com\/en\/coaches\/charlotte\/\">\n\t\t\t\t<\/a>\n\t\t\t\t<\/div>\n\t\t<div class=\"elementor-element elementor-element-447f5d1 e-con-full e-flex e-con e-child\" data-id=\"447f5d1\" data-element_type=\"container\" data-e-type=\"container\">\n\t\t\t\t<\/div>\n\t\t\t\t\t<\/div>\n\t\t\t\t<\/div>\n\t\t<div class=\"elementor-element elementor-element-d65bf99 e-flex e-con-boxed e-con e-parent\" data-id=\"d65bf99\" data-element_type=\"container\" data-e-type=\"container\">\n\t\t\t\t\t<div class=\"e-con-inner\">\n\t\t<div class=\"elementor-element elementor-element-f2d3738 e-con-full e-flex e-con e-child\" data-id=\"f2d3738\" data-element_type=\"container\" data-e-type=\"container\">\n\t\t\t\t<div class=\"elementor-element elementor-element-8071bb4 elementor-widget elementor-widget-image\" data-id=\"8071bb4\" data-element_type=\"widget\" data-e-type=\"widget\" data-widget_type=\"image.default\">\n\t\t\t\t<div class=\"elementor-widget-container\">\n\t\t\t\t\t\t\t\t\t\t\t\t\t\t\t<img decoding=\"async\" width=\"1\" height=\"1\" src=\"https:\/\/www.space-cycle.com\/wp-content\/uploads\/Frame-1630.svg\" class=\"attachment-large size-large wp-image-19955\" alt=\"Level of Intensity\" \/>\t\t\t\t\t\t\t\t\t\t\t\t\t\t\t<\/div>\n\t\t\t\t<\/div>\n\t\t\t\t<\/div>\n\t\t<div class=\"elementor-element elementor-element-3610028 e-con-full e-flex e-con e-child\" data-id=\"3610028\" data-element_type=\"container\" data-e-type=\"container\">\n\t\t\t\t<div class=\"elementor-element elementor-element-513f4dc elementor-widget elementor-widget-heading\" data-id=\"513f4dc\" data-element_type=\"widget\" data-e-type=\"widget\" data-widget_type=\"heading.default\">\n\t\t\t\t<div class=\"elementor-widget-container\">\n\t\t\t\t\t<h3 class=\"elementor-heading-title elementor-size-default\">Level of Intensity<\/h3>\t\t\t\t<\/div>\n\t\t\t\t<\/div>\n\t\t\t\t<div class=\"elementor-element elementor-element-5a9fb87 elementor-widget elementor-widget-text-editor\" data-id=\"5a9fb87\" data-element_type=\"widget\" data-e-type=\"widget\" data-widget_type=\"text-editor.default\">\n\t\t\t\t<div class=\"elementor-widget-container\">\n\t\t\t\t\t\t\t\t\t<p>The intensity of the sessions varies according to the profile of the coaches. From \"<strong>Chill<\/strong>\"for a gentle accompaniment to<strong>Hell<\/strong>\"for shouts of encouragement, with intermediate levels such as \"<strong>Pep's<\/strong>&#8220;, &#8220;<strong>Boost<\/strong>\"and<strong>Burning<\/strong>\". Each session is adapted to the personality and energy of the coaches who lead our sessions.<\/p>\t\t\t\t\t\t\t\t<\/div>\n\t\t\t\t<\/div>\n\t\t\t\t<div class=\"elementor-element elementor-element-13fcf03 elementor-widget elementor-widget-heading\" data-id=\"13fcf03\" data-element_type=\"widget\" data-e-type=\"widget\" data-widget_type=\"heading.default\">\n\t\t\t\t<div class=\"elementor-widget-container\">\n\t\t\t\t\t<h2 class=\"elementor-heading-title elementor-size-default\"><a href=\"#elementor-action%3Aaction%3Dpopup%3Aopen%26settings%3DeyJpZCI6IjE5OTM2IiwidG9nZ2xlIjpmYWxzZX0%3D\">Learn more<\/a><\/h2>\t\t\t\t<\/div>\n\t\t\t\t<\/div>\n\t\t\t\t<\/div>\n\t\t\t\t\t<\/div>\n\t\t\t\t<\/div>\n\t\t\t\t<\/div>","protected":false},"excerpt":{"rendered":"<p>Nos coachs D\u00e9couvrez les profils des coachs qui rythment vos sessions ! Level of Intensity Le degr\u00e9 d\u2019intensit\u00e9 des sessions varient en fonction du profil des coachs. De &#8220;Chill&#8221; pour un accompagnement doux \u00e0 &#8220;Hell&#8221; pour des cris d\u2019encouragements, avec des niveaux interm\u00e9diaires comme &#8220;Pep\u2019s&#8220;, &#8220;Boost&#8221; et &#8220;Burning&#8220;. Chaque s\u00e9ance s&#8217;adapte \u00e0 la personnalit\u00e9 et [&hellip;]<\/p>\n","protected":false},"author":2,"featured_media":16392,"parent":0,"menu_order":0,"comment_status":"closed","ping_status":"closed","template":"","meta":{"_acf_changed":false,"footnotes":""},"class_list":["post-13352","page","type-page","status-publish","has-post-thumbnail","hentry"],"acf":[],"yoast_head":"<!-- This site is optimized with the Yoast SEO plugin v27.5 - https:\/\/yoast.com\/product\/yoast-seo-wordpress\/ -->\n<title>Coachs - Space Cycle<\/title>\n<meta name=\"robots\" content=\"index, follow, max-snippet:-1, max-image-preview:large, max-video-preview:-1\" \/>\n<link rel=\"canonical\" href=\"https:\/\/www.space-cycle.com\/en\/coaches\/\" \/>\n<meta property=\"og:locale\" content=\"en_GB\" \/>\n<meta property=\"og:type\" content=\"article\" \/>\n<meta property=\"og:title\" content=\"Coachs - Space Cycle\" \/>\n<meta property=\"og:description\" content=\"Nos coachs D\u00e9couvrez les profils des coachs qui rythment vos sessions ! Level of Intensity Le degr\u00e9 d\u2019intensit\u00e9 des sessions varient en fonction du profil des coachs. De &#8220;Chill&#8221; pour un accompagnement doux \u00e0 &#8220;Hell&#8221; pour des cris d\u2019encouragements, avec des niveaux interm\u00e9diaires comme &#8220;Pep\u2019s&#8220;, &#8220;Boost&#8221; et &#8220;Burning&#8220;. Chaque s\u00e9ance s&#8217;adapte \u00e0 la personnalit\u00e9 et [&hellip;]\" \/>\n<meta property=\"og:url\" content=\"https:\/\/www.space-cycle.com\/en\/coaches\/\" \/>\n<meta property=\"og:site_name\" content=\"Space Cycle\" \/>\n<meta property=\"article:modified_time\" content=\"2025-12-11T08:52:15+00:00\" \/>\n<meta property=\"og:image\" content=\"https:\/\/www.space-cycle.com\/wp-content\/uploads\/Rectangle-1624.png\" \/>\n\t<meta property=\"og:image:width\" content=\"681\" \/>\n\t<meta property=\"og:image:height\" content=\"490\" \/>\n\t<meta property=\"og:image:type\" content=\"image\/png\" \/>\n<meta name=\"twitter:card\" content=\"summary_large_image\" \/>\n<meta name=\"twitter:label1\" content=\"Estimated reading time\" \/>\n\t<meta name=\"twitter:data1\" content=\"1 minute\" \/>\n<script type=\"application\/ld+json\" class=\"yoast-schema-graph\">{\"@context\":\"https:\\\/\\\/schema.org\",\"@graph\":[{\"@type\":\"WebPage\",\"@id\":\"https:\\\/\\\/www.space-cycle.com\\\/coachs\\\/\",\"url\":\"https:\\\/\\\/www.space-cycle.com\\\/coachs\\\/\",\"name\":\"Coachs - Space Cycle\",\"isPartOf\":{\"@id\":\"https:\\\/\\\/www.space-cycle.com\\\/#website\"},\"primaryImageOfPage\":{\"@id\":\"https:\\\/\\\/www.space-cycle.com\\\/coachs\\\/#primaryimage\"},\"image\":{\"@id\":\"https:\\\/\\\/www.space-cycle.com\\\/coachs\\\/#primaryimage\"},\"thumbnailUrl\":\"https:\\\/\\\/www.space-cycle.com\\\/wp-content\\\/uploads\\\/Rectangle-1624.png\",\"datePublished\":\"2023-06-09T21:58:11+00:00\",\"dateModified\":\"2025-12-11T08:52:15+00:00\",\"breadcrumb\":{\"@id\":\"https:\\\/\\\/www.space-cycle.com\\\/coachs\\\/#breadcrumb\"},\"inLanguage\":\"en-GB\",\"potentialAction\":[{\"@type\":\"ReadAction\",\"target\":[\"https:\\\/\\\/www.space-cycle.com\\\/coachs\\\/\"]}]},{\"@type\":\"ImageObject\",\"inLanguage\":\"en-GB\",\"@id\":\"https:\\\/\\\/www.space-cycle.com\\\/coachs\\\/#primaryimage\",\"url\":\"https:\\\/\\\/www.space-cycle.com\\\/wp-content\\\/uploads\\\/Rectangle-1624.png\",\"contentUrl\":\"https:\\\/\\\/www.space-cycle.com\\\/wp-content\\\/uploads\\\/Rectangle-1624.png\",\"width\":681,\"height\":490},{\"@type\":\"BreadcrumbList\",\"@id\":\"https:\\\/\\\/www.space-cycle.com\\\/coachs\\\/#breadcrumb\",\"itemListElement\":[{\"@type\":\"ListItem\",\"position\":1,\"name\":\"Accueil\",\"item\":\"https:\\\/\\\/www.space-cycle.com\\\/\"},{\"@type\":\"ListItem\",\"position\":2,\"name\":\"Coachs\"}]},{\"@type\":\"WebSite\",\"@id\":\"https:\\\/\\\/www.space-cycle.com\\\/#website\",\"url\":\"https:\\\/\\\/www.space-cycle.com\\\/\",\"name\":\"Space Cycle\",\"description\":\"\",\"publisher\":{\"@id\":\"https:\\\/\\\/www.space-cycle.com\\\/#organization\"},\"potentialAction\":[{\"@type\":\"SearchAction\",\"target\":{\"@type\":\"EntryPoint\",\"urlTemplate\":\"https:\\\/\\\/www.space-cycle.com\\\/?s={search_term_string}\"},\"query-input\":{\"@type\":\"PropertyValueSpecification\",\"valueRequired\":true,\"valueName\":\"search_term_string\"}}],\"inLanguage\":\"en-GB\"},{\"@type\":\"Organization\",\"@id\":\"https:\\\/\\\/www.space-cycle.com\\\/#organization\",\"name\":\"Space Cycle\",\"url\":\"https:\\\/\\\/www.space-cycle.com\\\/\",\"logo\":{\"@type\":\"ImageObject\",\"inLanguage\":\"en-GB\",\"@id\":\"https:\\\/\\\/www.space-cycle.com\\\/#\\\/schema\\\/logo\\\/image\\\/\",\"url\":\"https:\\\/\\\/www.space-cycle.com\\\/wp-content\\\/uploads\\\/logo-black.svg\",\"contentUrl\":\"https:\\\/\\\/www.space-cycle.com\\\/wp-content\\\/uploads\\\/logo-black.svg\",\"width\":1,\"height\":1,\"caption\":\"Space Cycle\"},\"image\":{\"@id\":\"https:\\\/\\\/www.space-cycle.com\\\/#\\\/schema\\\/logo\\\/image\\\/\"}}]}<\/script>\n<!-- \/ Yoast SEO plugin. -->","yoast_head_json":{"title":"Coaches - Space Cycle","robots":{"index":"index","follow":"follow","max-snippet":"max-snippet:-1","max-image-preview":"max-image-preview:large","max-video-preview":"max-video-preview:-1"},"canonical":"https:\/\/www.space-cycle.com\/en\/coaches\/","og_locale":"en_GB","og_type":"article","og_title":"Coachs - Space Cycle","og_description":"Nos coachs D\u00e9couvrez les profils des coachs qui rythment vos sessions ! Level of Intensity Le degr\u00e9 d\u2019intensit\u00e9 des sessions varient en fonction du profil des coachs. De &#8220;Chill&#8221; pour un accompagnement doux \u00e0 &#8220;Hell&#8221; pour des cris d\u2019encouragements, avec des niveaux interm\u00e9diaires comme &#8220;Pep\u2019s&#8220;, &#8220;Boost&#8221; et &#8220;Burning&#8220;. Chaque s\u00e9ance s&#8217;adapte \u00e0 la personnalit\u00e9 et [&hellip;]","og_url":"https:\/\/www.space-cycle.com\/en\/coaches\/","og_site_name":"Space Cycle","article_modified_time":"2025-12-11T08:52:15+00:00","og_image":[{"width":681,"height":490,"url":"https:\/\/www.space-cycle.com\/wp-content\/uploads\/Rectangle-1624.png","type":"image\/png"}],"twitter_card":"summary_large_image","twitter_misc":{"Estimated reading time":"1 minute"},"schema":{"@context":"https:\/\/schema.org","@graph":[{"@type":"WebPage","@id":"https:\/\/www.space-cycle.com\/coachs\/","url":"https:\/\/www.space-cycle.com\/coachs\/","name":"Coaches - Space Cycle","isPartOf":{"@id":"https:\/\/www.space-cycle.com\/#website"},"primaryImageOfPage":{"@id":"https:\/\/www.space-cycle.com\/coachs\/#primaryimage"},"image":{"@id":"https:\/\/www.space-cycle.com\/coachs\/#primaryimage"},"thumbnailUrl":"https:\/\/www.space-cycle.com\/wp-content\/uploads\/Rectangle-1624.png","datePublished":"2023-06-09T21:58:11+00:00","dateModified":"2025-12-11T08:52:15+00:00","breadcrumb":{"@id":"https:\/\/www.space-cycle.com\/coachs\/#breadcrumb"},"inLanguage":"en-GB","potentialAction":[{"@type":"ReadAction","target":["https:\/\/www.space-cycle.com\/coachs\/"]}]},{"@type":"ImageObject","inLanguage":"en-GB","@id":"https:\/\/www.space-cycle.com\/coachs\/#primaryimage","url":"https:\/\/www.space-cycle.com\/wp-content\/uploads\/Rectangle-1624.png","contentUrl":"https:\/\/www.space-cycle.com\/wp-content\/uploads\/Rectangle-1624.png","width":681,"height":490},{"@type":"BreadcrumbList","@id":"https:\/\/www.space-cycle.com\/coachs\/#breadcrumb","itemListElement":[{"@type":"ListItem","position":1,"name":"Accueil","item":"https:\/\/www.space-cycle.com\/"},{"@type":"ListItem","position":2,"name":"Coachs"}]},{"@type":"WebSite","@id":"https:\/\/www.space-cycle.com\/#website","url":"https:\/\/www.space-cycle.com\/","name":"Space Cycle","description":"","publisher":{"@id":"https:\/\/www.space-cycle.com\/#organization"},"potentialAction":[{"@type":"SearchAction","target":{"@type":"EntryPoint","urlTemplate":"https:\/\/www.space-cycle.com\/?s={search_term_string}"},"query-input":{"@type":"PropertyValueSpecification","valueRequired":true,"valueName":"search_term_string"}}],"inLanguage":"en-GB"},{"@type":"Organization","@id":"https:\/\/www.space-cycle.com\/#organization","name":"Space Cycle","url":"https:\/\/www.space-cycle.com\/","logo":{"@type":"ImageObject","inLanguage":"en-GB","@id":"https:\/\/www.space-cycle.com\/#\/schema\/logo\/image\/","url":"https:\/\/www.space-cycle.com\/wp-content\/uploads\/logo-black.svg","contentUrl":"https:\/\/www.space-cycle.com\/wp-content\/uploads\/logo-black.svg","width":1,"height":1,"caption":"Space Cycle"},"image":{"@id":"https:\/\/www.space-cycle.com\/#\/schema\/logo\/image\/"}}]}},"jetpack_sharing_enabled":true,"publishpress_future_action":{"enabled":false,"date":"2026-05-06 07:49:16","action":"change-status","newStatus":"draft","terms":[],"taxonomy":"","extraData":[]},"publishpress_future_workflow_manual_trigger":{"enabledWorkflows":[]},"_links":{"self":[{"href":"https:\/\/www.space-cycle.com\/en\/wp-json\/wp\/v2\/pages\/13352","targetHints":{"allow":["GET"]}}],"collection":[{"href":"https:\/\/www.space-cycle.com\/en\/wp-json\/wp\/v2\/pages"}],"about":[{"href":"https:\/\/www.space-cycle.com\/en\/wp-json\/wp\/v2\/types\/page"}],"author":[{"embeddable":true,"href":"https:\/\/www.space-cycle.com\/en\/wp-json\/wp\/v2\/users\/2"}],"replies":[{"embeddable":true,"href":"https:\/\/www.space-cycle.com\/en\/wp-json\/wp\/v2\/comments?post=13352"}],"version-history":[{"count":3,"href":"https:\/\/www.space-cycle.com\/en\/wp-json\/wp\/v2\/pages\/13352\/revisions"}],"predecessor-version":[{"id":21529,"href":"https:\/\/www.space-cycle.com\/en\/wp-json\/wp\/v2\/pages\/13352\/revisions\/21529"}],"wp:featuredmedia":[{"embeddable":true,"href":"https:\/\/www.space-cycle.com\/en\/wp-json\/wp\/v2\/media\/16392"}],"wp:attachment":[{"href":"https:\/\/www.space-cycle.com\/en\/wp-json\/wp\/v2\/media?parent=13352"}],"curies":[{"name":"wp","href":"https:\/\/api.w.org\/{rel}","templated":true}]}}