{"id":14401,"date":"2023-07-31T11:12:50","date_gmt":"2023-07-31T09:12:50","guid":{"rendered":"https:\/\/www.space-cycle.com\/?page_id=14401"},"modified":"2024-07-05T14:23:50","modified_gmt":"2024-07-05T12:23:50","slug":"b-corp-x-space","status":"publish","type":"page","link":"https:\/\/www.space-cycle.com\/en\/b-corp-x-space\/","title":{"rendered":"SPACE x Label B-corp"},"content":{"rendered":"<div data-elementor-type=\"wp-page\" data-elementor-id=\"14401\" class=\"elementor elementor-14401\" data-elementor-post-type=\"page\">\n\t\t\t\t\t\t<section class=\"elementor-section elementor-top-section elementor-element elementor-element-941e278 elementor-section-height-min-height elementor-section-full_width elementor-section-height-default elementor-section-items-middle\" data-id=\"941e278\" data-element_type=\"section\" data-e-type=\"section\" data-settings=\"{&quot;background_background&quot;:&quot;classic&quot;}\">\n\t\t\t\t\t\t\t<div class=\"elementor-background-overlay\"><\/div>\n\t\t\t\t\t\t\t<div class=\"elementor-container elementor-column-gap-default\">\n\t\t\t\t\t<div class=\"elementor-column elementor-col-100 elementor-top-column elementor-element elementor-element-8f88b32\" data-id=\"8f88b32\" data-element_type=\"column\" data-e-type=\"column\">\n\t\t\t<div class=\"elementor-widget-wrap\">\n\t\t\t\t\t\t\t<\/div>\n\t\t<\/div>\n\t\t\t\t\t<\/div>\n\t\t<\/section>\n\t\t\t\t<section class=\"elementor-section elementor-top-section elementor-element elementor-element-432ceb5 elementor-section-stretched elementor-section-full_width elementor-section-height-min-height elementor-section-items-stretch elementor-section-height-default\" data-id=\"432ceb5\" data-element_type=\"section\" data-e-type=\"section\" data-settings=\"{&quot;stretch_section&quot;:&quot;section-stretched&quot;}\">\n\t\t\t\t\t\t<div class=\"elementor-container elementor-column-gap-no\">\n\t\t\t\t\t<div class=\"elementor-column elementor-col-50 elementor-top-column elementor-element elementor-element-67eb0f2\" data-id=\"67eb0f2\" data-element_type=\"column\" data-e-type=\"column\" data-settings=\"{&quot;background_background&quot;:&quot;classic&quot;}\">\n\t\t\t<div class=\"elementor-widget-wrap elementor-element-populated\">\n\t\t\t\t\t\t<div class=\"elementor-element elementor-element-63b0a68 elementor-widget elementor-widget-spacer\" data-id=\"63b0a68\" data-element_type=\"widget\" data-e-type=\"widget\" data-widget_type=\"spacer.default\">\n\t\t\t\t<div class=\"elementor-widget-container\">\n\t\t\t\t\t\t\t<div class=\"elementor-spacer\">\n\t\t\t<div class=\"elementor-spacer-inner\"><\/div>\n\t\t<\/div>\n\t\t\t\t\t\t<\/div>\n\t\t\t\t<\/div>\n\t\t\t\t\t<\/div>\n\t\t<\/div>\n\t\t\t\t<div class=\"elementor-column elementor-col-50 elementor-top-column elementor-element elementor-element-1420cc2\" data-id=\"1420cc2\" data-element_type=\"column\" data-e-type=\"column\">\n\t\t\t<div class=\"elementor-widget-wrap elementor-element-populated\">\n\t\t\t\t\t\t<div class=\"elementor-element elementor-element-fcda271 elementor-widget elementor-widget-heading\" data-id=\"fcda271\" data-element_type=\"widget\" data-e-type=\"widget\" data-widget_type=\"heading.default\">\n\t\t\t\t<div class=\"elementor-widget-container\">\n\t\t\t\t\t<h2 class=\"elementor-heading-title elementor-size-default\">ASSIGNMENT <\/h2>\t\t\t\t<\/div>\n\t\t\t\t<\/div>\n\t\t\t\t<div class=\"elementor-element elementor-element-4274175 elementor-widget__width-initial elementor-widget elementor-widget-text-editor\" data-id=\"4274175\" data-element_type=\"widget\" data-e-type=\"widget\" data-widget_type=\"text-editor.default\">\n\t\t\t\t<div class=\"elementor-widget-container\">\n\t\t\t\t\t\t\t\t\t<p><span style=\"font-weight: 400;\"><strong>SPACE CYCLE<\/strong> remains convinced that sport, beyond a simple physical performance, is an essential element of <\/span><b>balance and well-being<\/b><span style=\"font-weight: 400;\"> of each one.<\/span><\/p><p><span style=\"font-weight: 400;\"><strong>SPACE CYCLE<\/strong>, through its studios, provides access to members, collaborators and more generally, to the greatest number of people, to the practice of sport by associating it with well-being. The sessions are accessible to everyone, beginners included. 0 experience necessary for 100% to let go, this is our credo.<\/span><\/p>\t\t\t\t\t\t\t\t<\/div>\n\t\t\t\t<\/div>\n\t\t\t\t\t<\/div>\n\t\t<\/div>\n\t\t\t\t\t<\/div>\n\t\t<\/section>\n\t\t\t\t<section class=\"elementor-section elementor-top-section elementor-element elementor-element-9a232e2 elementor-section-stretched elementor-section-full_width elementor-section-height-min-height elementor-section-items-stretch elementor-reverse-mobile elementor-section-height-default\" data-id=\"9a232e2\" data-element_type=\"section\" data-e-type=\"section\" data-settings=\"{&quot;stretch_section&quot;:&quot;section-stretched&quot;}\">\n\t\t\t\t\t\t<div class=\"elementor-container elementor-column-gap-no\">\n\t\t\t\t\t<div class=\"elementor-column elementor-col-50 elementor-top-column elementor-element elementor-element-28686a2\" data-id=\"28686a2\" data-element_type=\"column\" data-e-type=\"column\">\n\t\t\t<div class=\"elementor-widget-wrap elementor-element-populated\">\n\t\t\t\t\t\t<div class=\"elementor-element elementor-element-236dd92 elementor-widget elementor-widget-heading\" data-id=\"236dd92\" data-element_type=\"widget\" data-e-type=\"widget\" data-widget_type=\"heading.default\">\n\t\t\t\t<div class=\"elementor-widget-container\">\n\t\t\t\t\t<h2 class=\"elementor-heading-title elementor-size-default\">ZERO PLASTIC BOTTLES<\/h2>\t\t\t\t<\/div>\n\t\t\t\t<\/div>\n\t\t\t\t<div class=\"elementor-element elementor-element-b9ec876 elementor-widget__width-initial elementor-widget elementor-widget-text-editor\" data-id=\"b9ec876\" data-element_type=\"widget\" data-e-type=\"widget\" data-widget_type=\"text-editor.default\">\n\t\t\t\t<div class=\"elementor-widget-container\">\n\t\t\t\t\t\t\t\t\t<p><span style=\"font-weight: 400;\">Here, plastic bottles are prohibited. Our studios are equipped with water fountains so that everyone can fill their water bottle.<\/span><\/p><p><span style=\"font-weight: 400;\">You don't have a water bottle? We offer natural and French mineral water \u2013<\/span><b>Eau Neuve \u2013 <\/b><span style=\"font-weight: 400;\">in biosourced, recycled and recyclable packaging.<\/span><\/p>\t\t\t\t\t\t\t\t<\/div>\n\t\t\t\t<\/div>\n\t\t\t\t\t<\/div>\n\t\t<\/div>\n\t\t\t\t<div class=\"elementor-column elementor-col-50 elementor-top-column elementor-element elementor-element-a475bc7\" data-id=\"a475bc7\" data-element_type=\"column\" data-e-type=\"column\" data-settings=\"{&quot;background_background&quot;:&quot;classic&quot;}\">\n\t\t\t<div class=\"elementor-widget-wrap elementor-element-populated\">\n\t\t\t\t\t\t<div class=\"elementor-element elementor-element-ca6423a elementor-widget elementor-widget-spacer\" data-id=\"ca6423a\" data-element_type=\"widget\" data-e-type=\"widget\" data-widget_type=\"spacer.default\">\n\t\t\t\t<div class=\"elementor-widget-container\">\n\t\t\t\t\t\t\t<div class=\"elementor-spacer\">\n\t\t\t<div class=\"elementor-spacer-inner\"><\/div>\n\t\t<\/div>\n\t\t\t\t\t\t<\/div>\n\t\t\t\t<\/div>\n\t\t\t\t\t<\/div>\n\t\t<\/div>\n\t\t\t\t\t<\/div>\n\t\t<\/section>\n\t\t\t\t<section class=\"elementor-section elementor-top-section elementor-element elementor-element-5f93e11 elementor-section-stretched elementor-section-full_width elementor-section-height-min-height elementor-section-items-stretch elementor-section-height-default\" data-id=\"5f93e11\" data-element_type=\"section\" data-e-type=\"section\" data-settings=\"{&quot;stretch_section&quot;:&quot;section-stretched&quot;}\">\n\t\t\t\t\t\t<div class=\"elementor-container elementor-column-gap-no\">\n\t\t\t\t\t<div class=\"elementor-column elementor-col-50 elementor-top-column elementor-element elementor-element-5d0847d\" data-id=\"5d0847d\" data-element_type=\"column\" data-e-type=\"column\" data-settings=\"{&quot;background_background&quot;:&quot;classic&quot;}\">\n\t\t\t<div class=\"elementor-widget-wrap elementor-element-populated\">\n\t\t\t\t\t\t<div class=\"elementor-element elementor-element-fb7521f elementor-widget elementor-widget-spacer\" data-id=\"fb7521f\" data-element_type=\"widget\" data-e-type=\"widget\" data-widget_type=\"spacer.default\">\n\t\t\t\t<div class=\"elementor-widget-container\">\n\t\t\t\t\t\t\t<div class=\"elementor-spacer\">\n\t\t\t<div class=\"elementor-spacer-inner\"><\/div>\n\t\t<\/div>\n\t\t\t\t\t\t<\/div>\n\t\t\t\t<\/div>\n\t\t\t\t\t<\/div>\n\t\t<\/div>\n\t\t\t\t<div class=\"elementor-column elementor-col-50 elementor-top-column elementor-element elementor-element-0fe6f15\" data-id=\"0fe6f15\" data-element_type=\"column\" data-e-type=\"column\">\n\t\t\t<div class=\"elementor-widget-wrap elementor-element-populated\">\n\t\t\t\t\t\t<div class=\"elementor-element elementor-element-c6414c6 elementor-widget elementor-widget-heading\" data-id=\"c6414c6\" data-element_type=\"widget\" data-e-type=\"widget\" data-widget_type=\"heading.default\">\n\t\t\t\t<div class=\"elementor-widget-container\">\n\t\t\t\t\t<h2 class=\"elementor-heading-title elementor-size-default\">COMMITTED PARTNERS \n <\/h2>\t\t\t\t<\/div>\n\t\t\t\t<\/div>\n\t\t\t\t<div class=\"elementor-element elementor-element-0315e79 elementor-widget__width-initial elementor-widget elementor-widget-text-editor\" data-id=\"0315e79\" data-element_type=\"widget\" data-e-type=\"widget\" data-widget_type=\"text-editor.default\">\n\t\t\t\t<div class=\"elementor-widget-container\">\n\t\t\t\t\t\t\t\t\t<p><span style=\"font-weight: 400;\">Preserve the planet by promoting supplies from sustainable production models and <\/span><b>committed suppliers <\/b><span style=\"font-weight: 400;\">in preserving the environment and supporting the development of short circuits. Our suppliers are chosen based on CSR criteria.\u00a0<\/span><\/p><p><span style=\"font-weight: 400;\">Our studios are equipped with quality cosmetic products, with the brand of care of natural and vegan origin <\/span><b>L:A BRUKET.<\/b><\/p>\t\t\t\t\t\t\t\t<\/div>\n\t\t\t\t<\/div>\n\t\t\t\t\t<\/div>\n\t\t<\/div>\n\t\t\t\t\t<\/div>\n\t\t<\/section>\n\t\t\t\t<section class=\"elementor-section elementor-top-section elementor-element elementor-element-9c925ca elementor-section-stretched elementor-section-full_width elementor-section-height-min-height elementor-section-items-stretch elementor-reverse-mobile elementor-section-height-default\" data-id=\"9c925ca\" data-element_type=\"section\" data-e-type=\"section\" data-settings=\"{&quot;stretch_section&quot;:&quot;section-stretched&quot;}\">\n\t\t\t\t\t\t<div class=\"elementor-container elementor-column-gap-no\">\n\t\t\t\t\t<div class=\"elementor-column elementor-col-50 elementor-top-column elementor-element elementor-element-8370e33\" data-id=\"8370e33\" data-element_type=\"column\" data-e-type=\"column\">\n\t\t\t<div class=\"elementor-widget-wrap elementor-element-populated\">\n\t\t\t\t\t\t<div class=\"elementor-element elementor-element-606c049 elementor-widget elementor-widget-heading\" data-id=\"606c049\" data-element_type=\"widget\" data-e-type=\"widget\" data-widget_type=\"heading.default\">\n\t\t\t\t<div class=\"elementor-widget-container\">\n\t\t\t\t\t<h2 class=\"elementor-heading-title elementor-size-default\">RESPONSIBLE OPERATION<\/h2>\t\t\t\t<\/div>\n\t\t\t\t<\/div>\n\t\t\t\t<div class=\"elementor-element elementor-element-b37d6aa elementor-widget__width-initial elementor-widget elementor-widget-text-editor\" data-id=\"b37d6aa\" data-element_type=\"widget\" data-e-type=\"widget\" data-widget_type=\"text-editor.default\">\n\t\t\t\t<div class=\"elementor-widget-container\">\n\t\t\t\t\t\t\t\t\t<p><span style=\"font-weight: 400;\">Our studios have been designed as a place that is as environmentally responsible as possible. Water softeners with timed mixer system to limit water consumption in our showers.<\/span><\/p><p><span style=\"font-weight: 400;\">We have internalized the cleaning of our towels which we deliver to our studios using a 100% electric truck.<\/span><\/p>\t\t\t\t\t\t\t\t<\/div>\n\t\t\t\t<\/div>\n\t\t\t\t\t<\/div>\n\t\t<\/div>\n\t\t\t\t<div class=\"elementor-column elementor-col-50 elementor-top-column elementor-element elementor-element-d267800\" data-id=\"d267800\" data-element_type=\"column\" data-e-type=\"column\" data-settings=\"{&quot;background_background&quot;:&quot;classic&quot;}\">\n\t\t\t<div class=\"elementor-widget-wrap elementor-element-populated\">\n\t\t\t\t\t\t<div class=\"elementor-element elementor-element-96dad7e elementor-widget elementor-widget-spacer\" data-id=\"96dad7e\" data-element_type=\"widget\" data-e-type=\"widget\" data-widget_type=\"spacer.default\">\n\t\t\t\t<div class=\"elementor-widget-container\">\n\t\t\t\t\t\t\t<div class=\"elementor-spacer\">\n\t\t\t<div class=\"elementor-spacer-inner\"><\/div>\n\t\t<\/div>\n\t\t\t\t\t\t<\/div>\n\t\t\t\t<\/div>\n\t\t\t\t\t<\/div>\n\t\t<\/div>\n\t\t\t\t\t<\/div>\n\t\t<\/section>\n\t\t\t\t<section class=\"elementor-section elementor-top-section elementor-element elementor-element-5d6523f elementor-section-stretched elementor-section-full_width elementor-section-height-min-height elementor-section-items-stretch elementor-section-height-default\" data-id=\"5d6523f\" data-element_type=\"section\" data-e-type=\"section\" data-settings=\"{&quot;stretch_section&quot;:&quot;section-stretched&quot;}\">\n\t\t\t\t\t\t<div class=\"elementor-container elementor-column-gap-no\">\n\t\t\t\t\t<div class=\"elementor-column elementor-col-50 elementor-top-column elementor-element elementor-element-408a8e0\" data-id=\"408a8e0\" data-element_type=\"column\" data-e-type=\"column\" data-settings=\"{&quot;background_background&quot;:&quot;classic&quot;}\">\n\t\t\t<div class=\"elementor-widget-wrap elementor-element-populated\">\n\t\t\t\t\t\t<div class=\"elementor-element elementor-element-beda054 elementor-widget elementor-widget-spacer\" data-id=\"beda054\" data-element_type=\"widget\" data-e-type=\"widget\" data-widget_type=\"spacer.default\">\n\t\t\t\t<div class=\"elementor-widget-container\">\n\t\t\t\t\t\t\t<div class=\"elementor-spacer\">\n\t\t\t<div class=\"elementor-spacer-inner\"><\/div>\n\t\t<\/div>\n\t\t\t\t\t\t<\/div>\n\t\t\t\t<\/div>\n\t\t\t\t\t<\/div>\n\t\t<\/div>\n\t\t\t\t<div class=\"elementor-column elementor-col-50 elementor-top-column elementor-element elementor-element-03b55ff\" data-id=\"03b55ff\" data-element_type=\"column\" data-e-type=\"column\">\n\t\t\t<div class=\"elementor-widget-wrap elementor-element-populated\">\n\t\t\t\t\t\t<div class=\"elementor-element elementor-element-ee4fe0a elementor-widget elementor-widget-heading\" data-id=\"ee4fe0a\" data-element_type=\"widget\" data-e-type=\"widget\" data-widget_type=\"heading.default\">\n\t\t\t\t<div class=\"elementor-widget-container\">\n\t\t\t\t\t<h2 class=\"elementor-heading-title elementor-size-default\">HUMAN RESSOURCES\n <\/h2>\t\t\t\t<\/div>\n\t\t\t\t<\/div>\n\t\t\t\t<div class=\"elementor-element elementor-element-c8c45c4 elementor-widget__width-initial elementor-widget elementor-widget-text-editor\" data-id=\"c8c45c4\" data-element_type=\"widget\" data-e-type=\"widget\" data-widget_type=\"text-editor.default\">\n\t\t\t\t<div class=\"elementor-widget-container\">\n\t\t\t\t\t\t\t\t\t<p><span style=\"font-weight: 400;\">Within the team, 75% of our managers are women. <\/span><span style=\"font-weight: 400;\">And overall, 70% of our workforce are women.<\/span> <span style=\"font-weight: 400;\"><br \/>We want to build the future with our employees by giving each of our employees the power to have an impact on company decisions.<\/span><span style=\"font-weight: 400;\">.<\/span><\/p>\t\t\t\t\t\t\t\t<\/div>\n\t\t\t\t<\/div>\n\t\t\t\t\t<\/div>\n\t\t<\/div>\n\t\t\t\t\t<\/div>\n\t\t<\/section>\n\t\t\t\t<\/div>","protected":false},"excerpt":{"rendered":"<p>MISSION SPACE CYCLE reste convaincu que le sport, au-del\u00e0 d\u2019une simple performance physique, est un \u00e9l\u00e9ment essentiel de l\u2019\u00e9quilibre et du bien-\u00eatre de chacun. SPACE CYCLE, \u00e0 travers ses studios, donne acc\u00e8s aux adh\u00e9rents, aux collaborateurs et plus g\u00e9n\u00e9ralement, au plus grand nombre, \u00e0 la pratique du sport en l\u2019associant au bien-\u00eatre. Les sessions sont [&hellip;]<\/p>\n","protected":false},"author":3,"featured_media":15692,"parent":0,"menu_order":0,"comment_status":"closed","ping_status":"closed","template":"","meta":{"_acf_changed":false,"footnotes":""},"class_list":["post-14401","page","type-page","status-publish","has-post-thumbnail","hentry"],"acf":[],"yoast_head":"<!-- This site is optimized with the Yoast SEO plugin v27.5 - https:\/\/yoast.com\/product\/yoast-seo-wordpress\/ -->\n<title>SPACE x Label B-corp - Space Cycle<\/title>\n<meta name=\"description\" content=\"Nous sommes fiers d&#039;\u00eatre certifi\u00e9s par le label B Corp, d\u00e9montrant notre engagement envers la responsabilit\u00e9 sociale et environnementale.\" \/>\n<meta name=\"robots\" content=\"index, follow, max-snippet:-1, max-image-preview:large, max-video-preview:-1\" \/>\n<link rel=\"canonical\" href=\"https:\/\/www.space-cycle.com\/en\/b-corp-x-space\/\" \/>\n<meta property=\"og:locale\" content=\"en_GB\" \/>\n<meta property=\"og:type\" content=\"article\" \/>\n<meta property=\"og:title\" content=\"SPACE x Label B-corp - Space Cycle\" \/>\n<meta property=\"og:description\" content=\"Nous sommes fiers d&#039;\u00eatre certifi\u00e9s par le label B Corp, d\u00e9montrant notre engagement envers la responsabilit\u00e9 sociale et environnementale.\" \/>\n<meta property=\"og:url\" content=\"https:\/\/www.space-cycle.com\/en\/b-corp-x-space\/\" \/>\n<meta property=\"og:site_name\" content=\"Space Cycle\" \/>\n<meta property=\"article:modified_time\" content=\"2024-07-05T12:23:50+00:00\" \/>\n<meta property=\"og:image\" content=\"https:\/\/www.space-cycle.com\/wp-content\/uploads\/BCORP-ENCART-BANNER-MOB.png\" \/>\n\t<meta property=\"og:image:width\" content=\"750\" \/>\n\t<meta property=\"og:image:height\" content=\"854\" \/>\n\t<meta property=\"og:image:type\" content=\"image\/png\" \/>\n<meta name=\"twitter:card\" content=\"summary_large_image\" \/>\n<meta name=\"twitter:label1\" content=\"Estimated reading time\" \/>\n\t<meta name=\"twitter:data1\" content=\"2 minutes\" \/>\n<script type=\"application\/ld+json\" class=\"yoast-schema-graph\">{\"@context\":\"https:\\\/\\\/schema.org\",\"@graph\":[{\"@type\":\"WebPage\",\"@id\":\"https:\\\/\\\/www.space-cycle.com\\\/b-corp-x-space\\\/\",\"url\":\"https:\\\/\\\/www.space-cycle.com\\\/b-corp-x-space\\\/\",\"name\":\"SPACE x Label B-corp - Space Cycle\",\"isPartOf\":{\"@id\":\"https:\\\/\\\/www.space-cycle.com\\\/#website\"},\"primaryImageOfPage\":{\"@id\":\"https:\\\/\\\/www.space-cycle.com\\\/b-corp-x-space\\\/#primaryimage\"},\"image\":{\"@id\":\"https:\\\/\\\/www.space-cycle.com\\\/b-corp-x-space\\\/#primaryimage\"},\"thumbnailUrl\":\"https:\\\/\\\/www.space-cycle.com\\\/wp-content\\\/uploads\\\/BCORP-ENCART-BANNER-MOB.png\",\"datePublished\":\"2023-07-31T09:12:50+00:00\",\"dateModified\":\"2024-07-05T12:23:50+00:00\",\"description\":\"Nous sommes fiers d'\u00eatre certifi\u00e9s par le label B Corp, d\u00e9montrant notre engagement envers la responsabilit\u00e9 sociale et environnementale.\",\"breadcrumb\":{\"@id\":\"https:\\\/\\\/www.space-cycle.com\\\/b-corp-x-space\\\/#breadcrumb\"},\"inLanguage\":\"en-GB\",\"potentialAction\":[{\"@type\":\"ReadAction\",\"target\":[\"https:\\\/\\\/www.space-cycle.com\\\/b-corp-x-space\\\/\"]}]},{\"@type\":\"ImageObject\",\"inLanguage\":\"en-GB\",\"@id\":\"https:\\\/\\\/www.space-cycle.com\\\/b-corp-x-space\\\/#primaryimage\",\"url\":\"https:\\\/\\\/www.space-cycle.com\\\/wp-content\\\/uploads\\\/BCORP-ENCART-BANNER-MOB.png\",\"contentUrl\":\"https:\\\/\\\/www.space-cycle.com\\\/wp-content\\\/uploads\\\/BCORP-ENCART-BANNER-MOB.png\",\"width\":750,\"height\":854},{\"@type\":\"BreadcrumbList\",\"@id\":\"https:\\\/\\\/www.space-cycle.com\\\/b-corp-x-space\\\/#breadcrumb\",\"itemListElement\":[{\"@type\":\"ListItem\",\"position\":1,\"name\":\"Accueil\",\"item\":\"https:\\\/\\\/www.space-cycle.com\\\/\"},{\"@type\":\"ListItem\",\"position\":2,\"name\":\"SPACE x Label B-corp\"}]},{\"@type\":\"WebSite\",\"@id\":\"https:\\\/\\\/www.space-cycle.com\\\/#website\",\"url\":\"https:\\\/\\\/www.space-cycle.com\\\/\",\"name\":\"Space Cycle\",\"description\":\"\",\"publisher\":{\"@id\":\"https:\\\/\\\/www.space-cycle.com\\\/#organization\"},\"potentialAction\":[{\"@type\":\"SearchAction\",\"target\":{\"@type\":\"EntryPoint\",\"urlTemplate\":\"https:\\\/\\\/www.space-cycle.com\\\/?s={search_term_string}\"},\"query-input\":{\"@type\":\"PropertyValueSpecification\",\"valueRequired\":true,\"valueName\":\"search_term_string\"}}],\"inLanguage\":\"en-GB\"},{\"@type\":\"Organization\",\"@id\":\"https:\\\/\\\/www.space-cycle.com\\\/#organization\",\"name\":\"Space Cycle\",\"url\":\"https:\\\/\\\/www.space-cycle.com\\\/\",\"logo\":{\"@type\":\"ImageObject\",\"inLanguage\":\"en-GB\",\"@id\":\"https:\\\/\\\/www.space-cycle.com\\\/#\\\/schema\\\/logo\\\/image\\\/\",\"url\":\"https:\\\/\\\/www.space-cycle.com\\\/wp-content\\\/uploads\\\/logo-black.svg\",\"contentUrl\":\"https:\\\/\\\/www.space-cycle.com\\\/wp-content\\\/uploads\\\/logo-black.svg\",\"width\":1,\"height\":1,\"caption\":\"Space Cycle\"},\"image\":{\"@id\":\"https:\\\/\\\/www.space-cycle.com\\\/#\\\/schema\\\/logo\\\/image\\\/\"}}]}<\/script>\n<!-- \/ Yoast SEO plugin. -->","yoast_head_json":{"title":"SPACE x Label B-corp - Space Cycle","description":"We are proud to be certified by the B Corp label, demonstrating our commitment to social and environmental responsibility.","robots":{"index":"index","follow":"follow","max-snippet":"max-snippet:-1","max-image-preview":"max-image-preview:large","max-video-preview":"max-video-preview:-1"},"canonical":"https:\/\/www.space-cycle.com\/en\/b-corp-x-space\/","og_locale":"en_GB","og_type":"article","og_title":"SPACE x Label B-corp - Space Cycle","og_description":"Nous sommes fiers d'\u00eatre certifi\u00e9s par le label B Corp, d\u00e9montrant notre engagement envers la responsabilit\u00e9 sociale et environnementale.","og_url":"https:\/\/www.space-cycle.com\/en\/b-corp-x-space\/","og_site_name":"Space Cycle","article_modified_time":"2024-07-05T12:23:50+00:00","og_image":[{"width":750,"height":854,"url":"https:\/\/www.space-cycle.com\/wp-content\/uploads\/BCORP-ENCART-BANNER-MOB.png","type":"image\/png"}],"twitter_card":"summary_large_image","twitter_misc":{"Estimated reading time":"2 minutes"},"schema":{"@context":"https:\/\/schema.org","@graph":[{"@type":"WebPage","@id":"https:\/\/www.space-cycle.com\/b-corp-x-space\/","url":"https:\/\/www.space-cycle.com\/b-corp-x-space\/","name":"SPACE x Label B-corp - Space Cycle","isPartOf":{"@id":"https:\/\/www.space-cycle.com\/#website"},"primaryImageOfPage":{"@id":"https:\/\/www.space-cycle.com\/b-corp-x-space\/#primaryimage"},"image":{"@id":"https:\/\/www.space-cycle.com\/b-corp-x-space\/#primaryimage"},"thumbnailUrl":"https:\/\/www.space-cycle.com\/wp-content\/uploads\/BCORP-ENCART-BANNER-MOB.png","datePublished":"2023-07-31T09:12:50+00:00","dateModified":"2024-07-05T12:23:50+00:00","description":"We are proud to be certified by the B Corp label, demonstrating our commitment to social and environmental responsibility.","breadcrumb":{"@id":"https:\/\/www.space-cycle.com\/b-corp-x-space\/#breadcrumb"},"inLanguage":"en-GB","potentialAction":[{"@type":"ReadAction","target":["https:\/\/www.space-cycle.com\/b-corp-x-space\/"]}]},{"@type":"ImageObject","inLanguage":"en-GB","@id":"https:\/\/www.space-cycle.com\/b-corp-x-space\/#primaryimage","url":"https:\/\/www.space-cycle.com\/wp-content\/uploads\/BCORP-ENCART-BANNER-MOB.png","contentUrl":"https:\/\/www.space-cycle.com\/wp-content\/uploads\/BCORP-ENCART-BANNER-MOB.png","width":750,"height":854},{"@type":"BreadcrumbList","@id":"https:\/\/www.space-cycle.com\/b-corp-x-space\/#breadcrumb","itemListElement":[{"@type":"ListItem","position":1,"name":"Accueil","item":"https:\/\/www.space-cycle.com\/"},{"@type":"ListItem","position":2,"name":"SPACE x Label B-corp"}]},{"@type":"WebSite","@id":"https:\/\/www.space-cycle.com\/#website","url":"https:\/\/www.space-cycle.com\/","name":"Space Cycle","description":"","publisher":{"@id":"https:\/\/www.space-cycle.com\/#organization"},"potentialAction":[{"@type":"SearchAction","target":{"@type":"EntryPoint","urlTemplate":"https:\/\/www.space-cycle.com\/?s={search_term_string}"},"query-input":{"@type":"PropertyValueSpecification","valueRequired":true,"valueName":"search_term_string"}}],"inLanguage":"en-GB"},{"@type":"Organization","@id":"https:\/\/www.space-cycle.com\/#organization","name":"Space Cycle","url":"https:\/\/www.space-cycle.com\/","logo":{"@type":"ImageObject","inLanguage":"en-GB","@id":"https:\/\/www.space-cycle.com\/#\/schema\/logo\/image\/","url":"https:\/\/www.space-cycle.com\/wp-content\/uploads\/logo-black.svg","contentUrl":"https:\/\/www.space-cycle.com\/wp-content\/uploads\/logo-black.svg","width":1,"height":1,"caption":"Space Cycle"},"image":{"@id":"https:\/\/www.space-cycle.com\/#\/schema\/logo\/image\/"}}]}},"jetpack_sharing_enabled":true,"publishpress_future_action":{"enabled":false,"date":"2026-05-08 20:53:46","action":"change-status","newStatus":"draft","terms":[],"taxonomy":"","extraData":[]},"publishpress_future_workflow_manual_trigger":{"enabledWorkflows":[]},"_links":{"self":[{"href":"https:\/\/www.space-cycle.com\/en\/wp-json\/wp\/v2\/pages\/14401","targetHints":{"allow":["GET"]}}],"collection":[{"href":"https:\/\/www.space-cycle.com\/en\/wp-json\/wp\/v2\/pages"}],"about":[{"href":"https:\/\/www.space-cycle.com\/en\/wp-json\/wp\/v2\/types\/page"}],"author":[{"embeddable":true,"href":"https:\/\/www.space-cycle.com\/en\/wp-json\/wp\/v2\/users\/3"}],"replies":[{"embeddable":true,"href":"https:\/\/www.space-cycle.com\/en\/wp-json\/wp\/v2\/comments?post=14401"}],"version-history":[{"count":3,"href":"https:\/\/www.space-cycle.com\/en\/wp-json\/wp\/v2\/pages\/14401\/revisions"}],"predecessor-version":[{"id":18874,"href":"https:\/\/www.space-cycle.com\/en\/wp-json\/wp\/v2\/pages\/14401\/revisions\/18874"}],"wp:featuredmedia":[{"embeddable":true,"href":"https:\/\/www.space-cycle.com\/en\/wp-json\/wp\/v2\/media\/15692"}],"wp:attachment":[{"href":"https:\/\/www.space-cycle.com\/en\/wp-json\/wp\/v2\/media?parent=14401"}],"curies":[{"name":"wp","href":"https:\/\/api.w.org\/{rel}","templated":true}]}}