{"id":17294,"date":"2024-03-11T16:55:20","date_gmt":"2024-03-11T15:55:20","guid":{"rendered":"https:\/\/www.space-cycle.com\/?page_id=17294"},"modified":"2024-03-11T17:32:17","modified_gmt":"2024-03-11T16:32:17","slug":"recruitment","status":"publish","type":"page","link":"https:\/\/www.space-cycle.com\/en\/recruitment\/","title":{"rendered":"Recruitment"},"content":{"rendered":"<div data-elementor-type=\"wp-page\" data-elementor-id=\"17294\" class=\"elementor elementor-17294\" data-elementor-post-type=\"page\">\n\t\t\t\t<div class=\"elementor-element elementor-element-fb0cce9 e-con-full e-flex e-con e-parent\" data-id=\"fb0cce9\" data-element_type=\"container\" data-e-type=\"container\">\n\t\t<div class=\"elementor-element elementor-element-352b3e8 e-con-full e-flex e-con e-child\" data-id=\"352b3e8\" data-element_type=\"container\" data-e-type=\"container\">\n\t\t\t\t<div class=\"elementor-element elementor-element-5e1dfbe elementor-widget elementor-widget-heading\" data-id=\"5e1dfbe\" data-element_type=\"widget\" data-e-type=\"widget\" data-widget_type=\"heading.default\">\n\t\t\t\t<div class=\"elementor-widget-container\">\n\t\t\t\t\t<h2 class=\"elementor-heading-title elementor-size-default\">Team Studio<\/h2>\t\t\t\t<\/div>\n\t\t\t\t<\/div>\n\t\t\t\t<div class=\"elementor-element elementor-element-fa94692 elementor-widget__width-initial elementor-widget elementor-widget-text-editor\" data-id=\"fa94692\" data-element_type=\"widget\" data-e-type=\"widget\" data-widget_type=\"text-editor.default\">\n\t\t\t\t<div class=\"elementor-widget-container\">\n\t\t\t\t\t\t\t\t\tJoin our studio team and become the first smile our customers meet.\n<br><br>\nAt SPACE CYCLE, we are looking for warm and dynamic personalities to create unforgettable experiences from the first contact.\t\t\t\t\t\t\t\t<\/div>\n\t\t\t\t<\/div>\n\t\t\t\t<div class=\"elementor-element elementor-element-578aa5e new-btn btn-mini elementor-mobile-align-center elementor-align-left elementor-widget elementor-widget-button\" data-id=\"578aa5e\" data-element_type=\"widget\" data-e-type=\"widget\" data-widget_type=\"button.default\">\n\t\t\t\t<div class=\"elementor-widget-container\">\n\t\t\t\t\t\t\t\t\t<div class=\"elementor-button-wrapper\">\n\t\t\t\t\t<a class=\"elementor-button elementor-button-link elementor-size-sm\" href=\"https:\/\/www.welcometothejungle.com\/fr\/companies\/thesanctuary\">\n\t\t\t\t\t\t<span class=\"elementor-button-content-wrapper\">\n\t\t\t\t\t\t\t\t\t<span class=\"elementor-button-text\">I postulate<\/span>\n\t\t\t\t\t<\/span>\n\t\t\t\t\t<\/a>\n\t\t\t\t<\/div>\n\t\t\t\t\t\t\t\t<\/div>\n\t\t\t\t<\/div>\n\t\t\t\t<\/div>\n\t\t<div class=\"elementor-element elementor-element-699fe58 e-con-full e-flex e-con e-child\" data-id=\"699fe58\" data-element_type=\"container\" data-e-type=\"container\" data-settings=\"{&quot;background_background&quot;:&quot;classic&quot;}\">\n\t\t\t\t<div class=\"elementor-element elementor-element-6692a6b elementor-widget elementor-widget-spacer\" data-id=\"6692a6b\" data-element_type=\"widget\" data-e-type=\"widget\" data-widget_type=\"spacer.default\">\n\t\t\t\t<div class=\"elementor-widget-container\">\n\t\t\t\t\t\t\t<div class=\"elementor-spacer\">\n\t\t\t<div class=\"elementor-spacer-inner\"><\/div>\n\t\t<\/div>\n\t\t\t\t\t\t<\/div>\n\t\t\t\t<\/div>\n\t\t\t\t<\/div>\n\t\t\t\t<\/div>\n\t\t<div class=\"elementor-element elementor-element-38abe99 e-con-full e-flex e-con e-parent\" data-id=\"38abe99\" data-element_type=\"container\" data-e-type=\"container\">\n\t\t<div class=\"elementor-element elementor-element-f33a608 e-con-full e-flex e-con e-child\" data-id=\"f33a608\" data-element_type=\"container\" data-e-type=\"container\" data-settings=\"{&quot;background_background&quot;:&quot;classic&quot;}\">\n\t\t\t\t<div class=\"elementor-element elementor-element-d1f8583 elementor-widget elementor-widget-spacer\" data-id=\"d1f8583\" data-element_type=\"widget\" data-e-type=\"widget\" data-widget_type=\"spacer.default\">\n\t\t\t\t<div class=\"elementor-widget-container\">\n\t\t\t\t\t\t\t<div class=\"elementor-spacer\">\n\t\t\t<div class=\"elementor-spacer-inner\"><\/div>\n\t\t<\/div>\n\t\t\t\t\t\t<\/div>\n\t\t\t\t<\/div>\n\t\t\t\t<\/div>\n\t\t<div class=\"elementor-element elementor-element-56d9b4e e-con-full e-flex e-con e-child\" data-id=\"56d9b4e\" data-element_type=\"container\" data-e-type=\"container\">\n\t\t\t\t<div class=\"elementor-element elementor-element-bca6667 elementor-widget elementor-widget-heading\" data-id=\"bca6667\" data-element_type=\"widget\" data-e-type=\"widget\" data-widget_type=\"heading.default\">\n\t\t\t\t<div class=\"elementor-widget-container\">\n\t\t\t\t\t<h2 class=\"elementor-heading-title elementor-size-default\">trainers<\/h2>\t\t\t\t<\/div>\n\t\t\t\t<\/div>\n\t\t\t\t<div class=\"elementor-element elementor-element-a15d9c9 elementor-widget__width-initial elementor-widget elementor-widget-text-editor\" data-id=\"a15d9c9\" data-element_type=\"widget\" data-e-type=\"widget\" data-widget_type=\"text-editor.default\">\n\t\t\t\t<div class=\"elementor-widget-container\">\n\t\t\t\t\t\t\t\t\t<p>Join our dynamic team as a coach and promote our unique vision of sport: an innovative method, open to all and caring.<\/p><p>SPAE CYCLE focuses on positive energy to inspire everyone with a love of movement and well-being.<\/p>\t\t\t\t\t\t\t\t<\/div>\n\t\t\t\t<\/div>\n\t\t\t\t<div class=\"elementor-element elementor-element-49b9b8a new-btn btn-mini elementor-mobile-align-center elementor-align-left elementor-widget elementor-widget-button\" data-id=\"49b9b8a\" data-element_type=\"widget\" data-e-type=\"widget\" data-widget_type=\"button.default\">\n\t\t\t\t<div class=\"elementor-widget-container\">\n\t\t\t\t\t\t\t\t\t<div class=\"elementor-button-wrapper\">\n\t\t\t\t\t<a class=\"elementor-button elementor-button-link elementor-size-sm\" href=\"https:\/\/www.space-cycle.com\/en\/devenez-coachs\/\">\n\t\t\t\t\t\t<span class=\"elementor-button-content-wrapper\">\n\t\t\t\t\t\t\t\t\t<span class=\"elementor-button-text\">I postulate<\/span>\n\t\t\t\t\t<\/span>\n\t\t\t\t\t<\/a>\n\t\t\t\t<\/div>\n\t\t\t\t\t\t\t\t<\/div>\n\t\t\t\t<\/div>\n\t\t\t\t<\/div>\n\t\t\t\t<\/div>\n\t\t\t\t<\/div>","protected":false},"excerpt":{"rendered":"<p>Team Studio Rejoignez notre \u00e9quipe studio et devenez le premier sourire que nos clients rencontrent. Chez SPACE CYCLE, nous recherchons des personnalit\u00e9s chaleureuses et dynamiques pour cr\u00e9er des exp\u00e9riences inoubliables d\u00e8s le premier contact. Je postule Coachs Rejoignez notre \u00e9quipe dynamique en tant que coach et faites rayonner notre vision unique du sport : une [&hellip;]<\/p>\n","protected":false},"author":3,"featured_media":0,"parent":0,"menu_order":0,"comment_status":"closed","ping_status":"closed","template":"","meta":{"_acf_changed":false,"footnotes":""},"class_list":["post-17294","page","type-page","status-publish","hentry"],"acf":[],"yoast_head":"<!-- This site is optimized with the Yoast SEO plugin v27.3 - https:\/\/yoast.com\/product\/yoast-seo-wordpress\/ -->\n<title>Recrutement - Space Cycle<\/title>\n<meta name=\"robots\" content=\"index, follow, max-snippet:-1, max-image-preview:large, max-video-preview:-1\" \/>\n<link rel=\"canonical\" href=\"https:\/\/www.space-cycle.com\/en\/recruitment\/\" \/>\n<meta property=\"og:locale\" content=\"en_GB\" \/>\n<meta property=\"og:type\" content=\"article\" \/>\n<meta property=\"og:title\" content=\"Recrutement - Space Cycle\" \/>\n<meta property=\"og:description\" content=\"Team Studio Rejoignez notre \u00e9quipe studio et devenez le premier sourire que nos clients rencontrent. Chez SPACE CYCLE, nous recherchons des personnalit\u00e9s chaleureuses et dynamiques pour cr\u00e9er des exp\u00e9riences inoubliables d\u00e8s le premier contact. Je postule Coachs Rejoignez notre \u00e9quipe dynamique en tant que coach et faites rayonner notre vision unique du sport : une [&hellip;]\" \/>\n<meta property=\"og:url\" content=\"https:\/\/www.space-cycle.com\/en\/recruitment\/\" \/>\n<meta property=\"og:site_name\" content=\"Space Cycle\" \/>\n<meta property=\"article:modified_time\" content=\"2024-03-11T16:32:17+00:00\" \/>\n<meta name=\"twitter:card\" content=\"summary_large_image\" \/>\n<meta name=\"twitter:label1\" content=\"Estimated reading time\" \/>\n\t<meta name=\"twitter:data1\" content=\"1 minute\" \/>\n<script type=\"application\/ld+json\" class=\"yoast-schema-graph\">{\"@context\":\"https:\\\/\\\/schema.org\",\"@graph\":[{\"@type\":\"WebPage\",\"@id\":\"https:\\\/\\\/www.space-cycle.com\\\/recrutement\\\/\",\"url\":\"https:\\\/\\\/www.space-cycle.com\\\/recrutement\\\/\",\"name\":\"Recrutement - Space Cycle\",\"isPartOf\":{\"@id\":\"https:\\\/\\\/www.space-cycle.com\\\/#website\"},\"datePublished\":\"2024-03-11T15:55:20+00:00\",\"dateModified\":\"2024-03-11T16:32:17+00:00\",\"breadcrumb\":{\"@id\":\"https:\\\/\\\/www.space-cycle.com\\\/recrutement\\\/#breadcrumb\"},\"inLanguage\":\"en-GB\",\"potentialAction\":[{\"@type\":\"ReadAction\",\"target\":[\"https:\\\/\\\/www.space-cycle.com\\\/recrutement\\\/\"]}]},{\"@type\":\"BreadcrumbList\",\"@id\":\"https:\\\/\\\/www.space-cycle.com\\\/recrutement\\\/#breadcrumb\",\"itemListElement\":[{\"@type\":\"ListItem\",\"position\":1,\"name\":\"Accueil\",\"item\":\"https:\\\/\\\/www.space-cycle.com\\\/\"},{\"@type\":\"ListItem\",\"position\":2,\"name\":\"Recrutement\"}]},{\"@type\":\"WebSite\",\"@id\":\"https:\\\/\\\/www.space-cycle.com\\\/#website\",\"url\":\"https:\\\/\\\/www.space-cycle.com\\\/\",\"name\":\"Space Cycle\",\"description\":\"\",\"publisher\":{\"@id\":\"https:\\\/\\\/www.space-cycle.com\\\/#organization\"},\"potentialAction\":[{\"@type\":\"SearchAction\",\"target\":{\"@type\":\"EntryPoint\",\"urlTemplate\":\"https:\\\/\\\/www.space-cycle.com\\\/?s={search_term_string}\"},\"query-input\":{\"@type\":\"PropertyValueSpecification\",\"valueRequired\":true,\"valueName\":\"search_term_string\"}}],\"inLanguage\":\"en-GB\"},{\"@type\":\"Organization\",\"@id\":\"https:\\\/\\\/www.space-cycle.com\\\/#organization\",\"name\":\"Space Cycle\",\"url\":\"https:\\\/\\\/www.space-cycle.com\\\/\",\"logo\":{\"@type\":\"ImageObject\",\"inLanguage\":\"en-GB\",\"@id\":\"https:\\\/\\\/www.space-cycle.com\\\/#\\\/schema\\\/logo\\\/image\\\/\",\"url\":\"https:\\\/\\\/www.space-cycle.com\\\/wp-content\\\/uploads\\\/logo-black.svg\",\"contentUrl\":\"https:\\\/\\\/www.space-cycle.com\\\/wp-content\\\/uploads\\\/logo-black.svg\",\"width\":1,\"height\":1,\"caption\":\"Space Cycle\"},\"image\":{\"@id\":\"https:\\\/\\\/www.space-cycle.com\\\/#\\\/schema\\\/logo\\\/image\\\/\"}}]}<\/script>\n<!-- \/ Yoast SEO plugin. -->","yoast_head_json":{"title":"Recruitment - Space Cycle","robots":{"index":"index","follow":"follow","max-snippet":"max-snippet:-1","max-image-preview":"max-image-preview:large","max-video-preview":"max-video-preview:-1"},"canonical":"https:\/\/www.space-cycle.com\/en\/recruitment\/","og_locale":"en_GB","og_type":"article","og_title":"Recrutement - Space Cycle","og_description":"Team Studio Rejoignez notre \u00e9quipe studio et devenez le premier sourire que nos clients rencontrent. Chez SPACE CYCLE, nous recherchons des personnalit\u00e9s chaleureuses et dynamiques pour cr\u00e9er des exp\u00e9riences inoubliables d\u00e8s le premier contact. Je postule Coachs Rejoignez notre \u00e9quipe dynamique en tant que coach et faites rayonner notre vision unique du sport : une [&hellip;]","og_url":"https:\/\/www.space-cycle.com\/en\/recruitment\/","og_site_name":"Space Cycle","article_modified_time":"2024-03-11T16:32:17+00:00","twitter_card":"summary_large_image","twitter_misc":{"Estimated reading time":"1 minute"},"schema":{"@context":"https:\/\/schema.org","@graph":[{"@type":"WebPage","@id":"https:\/\/www.space-cycle.com\/recrutement\/","url":"https:\/\/www.space-cycle.com\/recrutement\/","name":"Recruitment - Space Cycle","isPartOf":{"@id":"https:\/\/www.space-cycle.com\/#website"},"datePublished":"2024-03-11T15:55:20+00:00","dateModified":"2024-03-11T16:32:17+00:00","breadcrumb":{"@id":"https:\/\/www.space-cycle.com\/recrutement\/#breadcrumb"},"inLanguage":"en-GB","potentialAction":[{"@type":"ReadAction","target":["https:\/\/www.space-cycle.com\/recrutement\/"]}]},{"@type":"BreadcrumbList","@id":"https:\/\/www.space-cycle.com\/recrutement\/#breadcrumb","itemListElement":[{"@type":"ListItem","position":1,"name":"Accueil","item":"https:\/\/www.space-cycle.com\/"},{"@type":"ListItem","position":2,"name":"Recrutement"}]},{"@type":"WebSite","@id":"https:\/\/www.space-cycle.com\/#website","url":"https:\/\/www.space-cycle.com\/","name":"Space Cycle","description":"","publisher":{"@id":"https:\/\/www.space-cycle.com\/#organization"},"potentialAction":[{"@type":"SearchAction","target":{"@type":"EntryPoint","urlTemplate":"https:\/\/www.space-cycle.com\/?s={search_term_string}"},"query-input":{"@type":"PropertyValueSpecification","valueRequired":true,"valueName":"search_term_string"}}],"inLanguage":"en-GB"},{"@type":"Organization","@id":"https:\/\/www.space-cycle.com\/#organization","name":"Space Cycle","url":"https:\/\/www.space-cycle.com\/","logo":{"@type":"ImageObject","inLanguage":"en-GB","@id":"https:\/\/www.space-cycle.com\/#\/schema\/logo\/image\/","url":"https:\/\/www.space-cycle.com\/wp-content\/uploads\/logo-black.svg","contentUrl":"https:\/\/www.space-cycle.com\/wp-content\/uploads\/logo-black.svg","width":1,"height":1,"caption":"Space Cycle"},"image":{"@id":"https:\/\/www.space-cycle.com\/#\/schema\/logo\/image\/"}}]}},"jetpack_sharing_enabled":true,"publishpress_future_action":{"enabled":false,"date":"2026-04-12 15:10:27","action":"change-status","newStatus":"draft","terms":[],"taxonomy":"","extraData":[]},"publishpress_future_workflow_manual_trigger":{"enabledWorkflows":[]},"_links":{"self":[{"href":"https:\/\/www.space-cycle.com\/en\/wp-json\/wp\/v2\/pages\/17294","targetHints":{"allow":["GET"]}}],"collection":[{"href":"https:\/\/www.space-cycle.com\/en\/wp-json\/wp\/v2\/pages"}],"about":[{"href":"https:\/\/www.space-cycle.com\/en\/wp-json\/wp\/v2\/types\/page"}],"author":[{"embeddable":true,"href":"https:\/\/www.space-cycle.com\/en\/wp-json\/wp\/v2\/users\/3"}],"replies":[{"embeddable":true,"href":"https:\/\/www.space-cycle.com\/en\/wp-json\/wp\/v2\/comments?post=17294"}],"version-history":[{"count":3,"href":"https:\/\/www.space-cycle.com\/en\/wp-json\/wp\/v2\/pages\/17294\/revisions"}],"predecessor-version":[{"id":17307,"href":"https:\/\/www.space-cycle.com\/en\/wp-json\/wp\/v2\/pages\/17294\/revisions\/17307"}],"wp:attachment":[{"href":"https:\/\/www.space-cycle.com\/en\/wp-json\/wp\/v2\/media?parent=17294"}],"curies":[{"name":"wp","href":"https:\/\/api.w.org\/{rel}","templated":true}]}}