{"id":17355,"date":"2024-03-14T18:21:01","date_gmt":"2024-03-14T17:21:01","guid":{"rendered":"https:\/\/www.space-cycle.com\/?page_id=17355"},"modified":"2024-03-14T18:22:03","modified_gmt":"2024-03-14T17:22:03","slug":"subscription-4","status":"publish","type":"page","link":"https:\/\/www.space-cycle.com\/en\/subscription-4\/","title":{"rendered":"Subscription - 4 sessions"},"content":{"rendered":"<div data-elementor-type=\"wp-page\" data-elementor-id=\"17355\" class=\"elementor elementor-17355\" data-elementor-post-type=\"page\">\n\t\t\t\t\t\t<section class=\"elementor-section elementor-top-section elementor-element elementor-element-7c60051 elementor-section-boxed elementor-section-height-default elementor-section-height-default\" data-id=\"7c60051\" data-element_type=\"section\" data-e-type=\"section\" data-settings=\"{&quot;background_background&quot;:&quot;classic&quot;}\">\n\t\t\t\t\t\t<div class=\"elementor-container elementor-column-gap-default\">\n\t\t\t\t\t<div class=\"elementor-column elementor-col-100 elementor-top-column elementor-element elementor-element-49c2ad9\" data-id=\"49c2ad9\" data-element_type=\"column\" data-e-type=\"column\">\n\t\t\t<div class=\"elementor-widget-wrap elementor-element-populated\">\n\t\t\t\t\t\t<div class=\"elementor-element elementor-element-7c907a9 elementor-widget elementor-widget-heading\" data-id=\"7c907a9\" data-element_type=\"widget\" data-e-type=\"widget\" data-widget_type=\"heading.default\">\n\t\t\t\t<div class=\"elementor-widget-container\">\n\t\t\t\t\t<h1 class=\"elementor-heading-title elementor-size-default\">book<\/h1>\t\t\t\t<\/div>\n\t\t\t\t<\/div>\n\t\t\t\t<div class=\"elementor-element elementor-element-dfa14bd elementor-widget elementor-widget-heading\" data-id=\"dfa14bd\" data-element_type=\"widget\" data-e-type=\"widget\" data-widget_type=\"heading.default\">\n\t\t\t\t<div class=\"elementor-widget-container\">\n\t\t\t\t\t<h2 class=\"elementor-heading-title elementor-size-default\">4 Sessions \/ Month<\/h2>\t\t\t\t<\/div>\n\t\t\t\t<\/div>\n\t\t\t\t<div class=\"elementor-element elementor-element-2ca1fd1 elementor-widget elementor-widget-text-editor\" data-id=\"2ca1fd1\" data-element_type=\"widget\" data-e-type=\"widget\" data-widget_type=\"text-editor.default\">\n\t\t\t\t<div class=\"elementor-widget-container\">\n\t\t\t\t\t\t\t\t\t<ul><li>12 month commitment<\/li><li>Automatic renewal each month on the first debit date<\/li><li>Remaining sessions postponed to the following two months\u00a0<b>except in the event of termination where sessions cannot be postponed<\/b><\/li><\/ul>\t\t\t\t\t\t\t\t<\/div>\n\t\t\t\t<\/div>\n\t\t\t\t<div class=\"elementor-element elementor-element-9a48d82 new-btn btn-mini elementor-mobile-align-center elementor-align-center elementor-widget elementor-widget-button\" data-id=\"9a48d82\" data-element_type=\"widget\" data-e-type=\"widget\" data-widget_type=\"button.default\">\n\t\t\t\t<div class=\"elementor-widget-container\">\n\t\t\t\t\t\t\t\t\t<div class=\"elementor-button-wrapper\">\n\t\t\t\t\t<a class=\"elementor-button elementor-size-sm\" role=\"button\">\n\t\t\t\t\t\t<span class=\"elementor-button-content-wrapper\">\n\t\t\t\t\t\t\t\t\t<span class=\"elementor-button-text\">I subscribe<\/span>\n\t\t\t\t\t<\/span>\n\t\t\t\t\t<\/a>\n\t\t\t\t<\/div>\n\t\t\t\t\t\t\t\t<\/div>\n\t\t\t\t<\/div>\n\t\t\t\t\t<\/div>\n\t\t<\/div>\n\t\t\t\t\t<\/div>\n\t\t<\/section>\n\t\t\t\t<section class=\"elementor-section elementor-top-section elementor-element elementor-element-682c2328 elementor-section-boxed elementor-section-height-default elementor-section-height-default\" data-id=\"682c2328\" data-element_type=\"section\" data-e-type=\"section\">\n\t\t\t\t\t\t<div class=\"elementor-container elementor-column-gap-default\">\n\t\t\t\t\t<div class=\"elementor-column elementor-col-100 elementor-top-column elementor-element elementor-element-5ccf034f\" data-id=\"5ccf034f\" data-element_type=\"column\" data-e-type=\"column\">\n\t\t\t<div class=\"elementor-widget-wrap elementor-element-populated\">\n\t\t\t\t\t\t\t<\/div>\n\t\t<\/div>\n\t\t\t\t\t<\/div>\n\t\t<\/section>\n\t\t\t\t<\/div>","protected":false},"excerpt":{"rendered":"<p>R\u00e9server 4 Sessions \/ Mois Engagement de 12 mois Renouvellement automatique chaque mois \u00e0 la date du premier d\u00e9bit S\u00e9ances restantes report\u00e9es sur les deux mois suivants\u00a0sauf en cas de r\u00e9siliation o\u00f9 les s\u00e9ances ne pourront \u00eatre report\u00e9es Je m&#8217;abonne<\/p>","protected":false},"author":3,"featured_media":15554,"parent":0,"menu_order":0,"comment_status":"closed","ping_status":"closed","template":"","meta":{"_acf_changed":false,"footnotes":""},"class_list":["post-17355","page","type-page","status-publish","has-post-thumbnail","hentry"],"acf":[],"yoast_head":"<!-- This site is optimized with the Yoast SEO plugin v27.5 - https:\/\/yoast.com\/product\/yoast-seo-wordpress\/ -->\n<title>Abonemment - 4 sessions - Space Cycle<\/title>\n<meta name=\"robots\" content=\"index, follow, max-snippet:-1, max-image-preview:large, max-video-preview:-1\" \/>\n<link rel=\"canonical\" href=\"https:\/\/www.space-cycle.com\/en\/subscription-4\/\" \/>\n<meta property=\"og:locale\" content=\"en_GB\" \/>\n<meta property=\"og:type\" content=\"article\" \/>\n<meta property=\"og:title\" content=\"Abonemment - 4 sessions - Space Cycle\" \/>\n<meta property=\"og:description\" content=\"R\u00e9server 4 Sessions \/ Mois Engagement de 12 mois Renouvellement automatique chaque mois \u00e0 la date du premier d\u00e9bit S\u00e9ances restantes report\u00e9es sur les deux mois suivants\u00a0sauf en cas de r\u00e9siliation o\u00f9 les s\u00e9ances ne pourront \u00eatre report\u00e9es Je m&#8217;abonne\" \/>\n<meta property=\"og:url\" content=\"https:\/\/www.space-cycle.com\/en\/subscription-4\/\" \/>\n<meta property=\"og:site_name\" content=\"Space Cycle\" \/>\n<meta property=\"article:modified_time\" content=\"2024-03-14T17:22:03+00:00\" \/>\n<meta property=\"og:image\" content=\"https:\/\/www.space-cycle.com\/wp-content\/uploads\/2-4.png\" \/>\n\t<meta property=\"og:image:width\" content=\"1420\" \/>\n\t<meta property=\"og:image:height\" content=\"980\" \/>\n\t<meta property=\"og:image:type\" content=\"image\/png\" \/>\n<meta name=\"twitter:card\" content=\"summary_large_image\" \/>\n<meta name=\"twitter:label1\" content=\"Estimated reading time\" \/>\n\t<meta name=\"twitter:data1\" content=\"1 minute\" \/>\n<script type=\"application\/ld+json\" class=\"yoast-schema-graph\">{\"@context\":\"https:\\\/\\\/schema.org\",\"@graph\":[{\"@type\":\"WebPage\",\"@id\":\"https:\\\/\\\/www.space-cycle.com\\\/abonnement-4\\\/\",\"url\":\"https:\\\/\\\/www.space-cycle.com\\\/abonnement-4\\\/\",\"name\":\"Abonemment - 4 sessions - Space Cycle\",\"isPartOf\":{\"@id\":\"https:\\\/\\\/www.space-cycle.com\\\/#website\"},\"primaryImageOfPage\":{\"@id\":\"https:\\\/\\\/www.space-cycle.com\\\/abonnement-4\\\/#primaryimage\"},\"image\":{\"@id\":\"https:\\\/\\\/www.space-cycle.com\\\/abonnement-4\\\/#primaryimage\"},\"thumbnailUrl\":\"https:\\\/\\\/www.space-cycle.com\\\/wp-content\\\/uploads\\\/2-4.png\",\"datePublished\":\"2024-03-14T17:21:01+00:00\",\"dateModified\":\"2024-03-14T17:22:03+00:00\",\"breadcrumb\":{\"@id\":\"https:\\\/\\\/www.space-cycle.com\\\/abonnement-4\\\/#breadcrumb\"},\"inLanguage\":\"en-GB\",\"potentialAction\":[{\"@type\":\"ReadAction\",\"target\":[\"https:\\\/\\\/www.space-cycle.com\\\/abonnement-4\\\/\"]}]},{\"@type\":\"ImageObject\",\"inLanguage\":\"en-GB\",\"@id\":\"https:\\\/\\\/www.space-cycle.com\\\/abonnement-4\\\/#primaryimage\",\"url\":\"https:\\\/\\\/www.space-cycle.com\\\/wp-content\\\/uploads\\\/2-4.png\",\"contentUrl\":\"https:\\\/\\\/www.space-cycle.com\\\/wp-content\\\/uploads\\\/2-4.png\",\"width\":1420,\"height\":980},{\"@type\":\"BreadcrumbList\",\"@id\":\"https:\\\/\\\/www.space-cycle.com\\\/abonnement-4\\\/#breadcrumb\",\"itemListElement\":[{\"@type\":\"ListItem\",\"position\":1,\"name\":\"Accueil\",\"item\":\"https:\\\/\\\/www.space-cycle.com\\\/\"},{\"@type\":\"ListItem\",\"position\":2,\"name\":\"Abonemment &#8211; 4 sessions\"}]},{\"@type\":\"WebSite\",\"@id\":\"https:\\\/\\\/www.space-cycle.com\\\/#website\",\"url\":\"https:\\\/\\\/www.space-cycle.com\\\/\",\"name\":\"Space Cycle\",\"description\":\"\",\"publisher\":{\"@id\":\"https:\\\/\\\/www.space-cycle.com\\\/#organization\"},\"potentialAction\":[{\"@type\":\"SearchAction\",\"target\":{\"@type\":\"EntryPoint\",\"urlTemplate\":\"https:\\\/\\\/www.space-cycle.com\\\/?s={search_term_string}\"},\"query-input\":{\"@type\":\"PropertyValueSpecification\",\"valueRequired\":true,\"valueName\":\"search_term_string\"}}],\"inLanguage\":\"en-GB\"},{\"@type\":\"Organization\",\"@id\":\"https:\\\/\\\/www.space-cycle.com\\\/#organization\",\"name\":\"Space Cycle\",\"url\":\"https:\\\/\\\/www.space-cycle.com\\\/\",\"logo\":{\"@type\":\"ImageObject\",\"inLanguage\":\"en-GB\",\"@id\":\"https:\\\/\\\/www.space-cycle.com\\\/#\\\/schema\\\/logo\\\/image\\\/\",\"url\":\"https:\\\/\\\/www.space-cycle.com\\\/wp-content\\\/uploads\\\/logo-black.svg\",\"contentUrl\":\"https:\\\/\\\/www.space-cycle.com\\\/wp-content\\\/uploads\\\/logo-black.svg\",\"width\":1,\"height\":1,\"caption\":\"Space Cycle\"},\"image\":{\"@id\":\"https:\\\/\\\/www.space-cycle.com\\\/#\\\/schema\\\/logo\\\/image\\\/\"}}]}<\/script>\n<!-- \/ Yoast SEO plugin. -->","yoast_head_json":{"title":"Subscription - 4 sessions - Space Cycle","robots":{"index":"index","follow":"follow","max-snippet":"max-snippet:-1","max-image-preview":"max-image-preview:large","max-video-preview":"max-video-preview:-1"},"canonical":"https:\/\/www.space-cycle.com\/en\/subscription-4\/","og_locale":"en_GB","og_type":"article","og_title":"Abonemment - 4 sessions - Space Cycle","og_description":"R\u00e9server 4 Sessions \/ Mois Engagement de 12 mois Renouvellement automatique chaque mois \u00e0 la date du premier d\u00e9bit S\u00e9ances restantes report\u00e9es sur les deux mois suivants\u00a0sauf en cas de r\u00e9siliation o\u00f9 les s\u00e9ances ne pourront \u00eatre report\u00e9es Je m&#8217;abonne","og_url":"https:\/\/www.space-cycle.com\/en\/subscription-4\/","og_site_name":"Space Cycle","article_modified_time":"2024-03-14T17:22:03+00:00","og_image":[{"width":1420,"height":980,"url":"https:\/\/www.space-cycle.com\/wp-content\/uploads\/2-4.png","type":"image\/png"}],"twitter_card":"summary_large_image","twitter_misc":{"Estimated reading time":"1 minute"},"schema":{"@context":"https:\/\/schema.org","@graph":[{"@type":"WebPage","@id":"https:\/\/www.space-cycle.com\/abonnement-4\/","url":"https:\/\/www.space-cycle.com\/abonnement-4\/","name":"Subscription - 4 sessions - Space Cycle","isPartOf":{"@id":"https:\/\/www.space-cycle.com\/#website"},"primaryImageOfPage":{"@id":"https:\/\/www.space-cycle.com\/abonnement-4\/#primaryimage"},"image":{"@id":"https:\/\/www.space-cycle.com\/abonnement-4\/#primaryimage"},"thumbnailUrl":"https:\/\/www.space-cycle.com\/wp-content\/uploads\/2-4.png","datePublished":"2024-03-14T17:21:01+00:00","dateModified":"2024-03-14T17:22:03+00:00","breadcrumb":{"@id":"https:\/\/www.space-cycle.com\/abonnement-4\/#breadcrumb"},"inLanguage":"en-GB","potentialAction":[{"@type":"ReadAction","target":["https:\/\/www.space-cycle.com\/abonnement-4\/"]}]},{"@type":"ImageObject","inLanguage":"en-GB","@id":"https:\/\/www.space-cycle.com\/abonnement-4\/#primaryimage","url":"https:\/\/www.space-cycle.com\/wp-content\/uploads\/2-4.png","contentUrl":"https:\/\/www.space-cycle.com\/wp-content\/uploads\/2-4.png","width":1420,"height":980},{"@type":"BreadcrumbList","@id":"https:\/\/www.space-cycle.com\/abonnement-4\/#breadcrumb","itemListElement":[{"@type":"ListItem","position":1,"name":"Accueil","item":"https:\/\/www.space-cycle.com\/"},{"@type":"ListItem","position":2,"name":"Abonemment &#8211; 4 sessions"}]},{"@type":"WebSite","@id":"https:\/\/www.space-cycle.com\/#website","url":"https:\/\/www.space-cycle.com\/","name":"Space Cycle","description":"","publisher":{"@id":"https:\/\/www.space-cycle.com\/#organization"},"potentialAction":[{"@type":"SearchAction","target":{"@type":"EntryPoint","urlTemplate":"https:\/\/www.space-cycle.com\/?s={search_term_string}"},"query-input":{"@type":"PropertyValueSpecification","valueRequired":true,"valueName":"search_term_string"}}],"inLanguage":"en-GB"},{"@type":"Organization","@id":"https:\/\/www.space-cycle.com\/#organization","name":"Space Cycle","url":"https:\/\/www.space-cycle.com\/","logo":{"@type":"ImageObject","inLanguage":"en-GB","@id":"https:\/\/www.space-cycle.com\/#\/schema\/logo\/image\/","url":"https:\/\/www.space-cycle.com\/wp-content\/uploads\/logo-black.svg","contentUrl":"https:\/\/www.space-cycle.com\/wp-content\/uploads\/logo-black.svg","width":1,"height":1,"caption":"Space Cycle"},"image":{"@id":"https:\/\/www.space-cycle.com\/#\/schema\/logo\/image\/"}}]}},"jetpack_sharing_enabled":true,"publishpress_future_action":{"enabled":false,"date":"2026-05-08 03:12:08","action":"change-status","newStatus":"draft","terms":[],"taxonomy":"","extraData":[]},"publishpress_future_workflow_manual_trigger":{"enabledWorkflows":[]},"_links":{"self":[{"href":"https:\/\/www.space-cycle.com\/en\/wp-json\/wp\/v2\/pages\/17355","targetHints":{"allow":["GET"]}}],"collection":[{"href":"https:\/\/www.space-cycle.com\/en\/wp-json\/wp\/v2\/pages"}],"about":[{"href":"https:\/\/www.space-cycle.com\/en\/wp-json\/wp\/v2\/types\/page"}],"author":[{"embeddable":true,"href":"https:\/\/www.space-cycle.com\/en\/wp-json\/wp\/v2\/users\/3"}],"replies":[{"embeddable":true,"href":"https:\/\/www.space-cycle.com\/en\/wp-json\/wp\/v2\/comments?post=17355"}],"version-history":[{"count":3,"href":"https:\/\/www.space-cycle.com\/en\/wp-json\/wp\/v2\/pages\/17355\/revisions"}],"predecessor-version":[{"id":17359,"href":"https:\/\/www.space-cycle.com\/en\/wp-json\/wp\/v2\/pages\/17355\/revisions\/17359"}],"wp:featuredmedia":[{"embeddable":true,"href":"https:\/\/www.space-cycle.com\/en\/wp-json\/wp\/v2\/media\/15554"}],"wp:attachment":[{"href":"https:\/\/www.space-cycle.com\/en\/wp-json\/wp\/v2\/media?parent=17355"}],"curies":[{"name":"wp","href":"https:\/\/api.w.org\/{rel}","templated":true}]}}