{"id":18175,"date":"2024-05-24T14:59:47","date_gmt":"2024-05-24T12:59:47","guid":{"rendered":"https:\/\/www.space-cycle.com\/?page_id=18175"},"modified":"2026-01-15T17:49:09","modified_gmt":"2026-01-15T16:49:09","slug":"the-bradery","status":"publish","type":"page","link":"https:\/\/www.space-cycle.com\/en\/the-bradery\/","title":{"rendered":"The Bradery x Space"},"content":{"rendered":"<div data-elementor-type=\"wp-page\" data-elementor-id=\"18175\" class=\"elementor elementor-18175\" data-elementor-post-type=\"page\">\n\t\t\t\t\t\t<section class=\"elementor-section elementor-top-section elementor-element elementor-element-40001594 elementor-section-boxed elementor-section-height-default elementor-section-height-default\" data-id=\"40001594\" data-element_type=\"section\" data-e-type=\"section\" data-settings=\"{&quot;background_background&quot;:&quot;classic&quot;}\">\n\t\t\t\t\t\t<div class=\"elementor-container elementor-column-gap-default\">\n\t\t\t\t\t<div class=\"elementor-column elementor-col-100 elementor-top-column elementor-element elementor-element-590efe4d\" data-id=\"590efe4d\" data-element_type=\"column\" data-e-type=\"column\">\n\t\t\t<div class=\"elementor-widget-wrap elementor-element-populated\">\n\t\t\t\t\t\t<div class=\"elementor-element elementor-element-39ee030 elementor-widget elementor-widget-heading\" data-id=\"39ee030\" data-element_type=\"widget\" data-e-type=\"widget\" data-widget_type=\"heading.default\">\n\t\t\t\t<div class=\"elementor-widget-container\">\n\t\t\t\t\t<h1 class=\"elementor-heading-title elementor-size-default\">thank you for your purchase<br>on The Bradery!<\/h1>\t\t\t\t<\/div>\n\t\t\t\t<\/div>\n\t\t\t\t<div class=\"elementor-element elementor-element-ad329c1 elementor-widget elementor-widget-text-editor\" data-id=\"ad329c1\" data-element_type=\"widget\" data-e-type=\"widget\" data-widget_type=\"text-editor.default\">\n\t\t\t\t<div class=\"elementor-widget-container\">\n\t\t\t\t\t\t\t\t\t<p>You have just purchased your new SPACE session pack on The Bradery.<\/p><p>Choose the pack corresponding to the promo code you received, and enter it at checkout.<\/p><p>No worries ! You will not be charged twice.<\/p>\t\t\t\t\t\t\t\t<\/div>\n\t\t\t\t<\/div>\n\t\t\t\t\t<\/div>\n\t\t<\/div>\n\t\t\t\t\t<\/div>\n\t\t<\/section>\n\t\t\t\t<section class=\"elementor-section elementor-top-section elementor-element elementor-element-a35ccbd blocs-tarifs tarifs-abo elementor-section-height-min-height elementor-section-items-stretch elementor-section-boxed elementor-section-height-default\" data-id=\"a35ccbd\" data-element_type=\"section\" data-e-type=\"section\">\n\t\t\t\t\t\t<div class=\"elementor-container elementor-column-gap-no\">\n\t\t\t\t\t<div class=\"elementor-column elementor-col-50 elementor-top-column elementor-element elementor-element-f40a6b8\" data-id=\"f40a6b8\" data-element_type=\"column\" data-e-type=\"column\" data-settings=\"{&quot;background_background&quot;:&quot;classic&quot;}\">\n\t\t\t<div class=\"elementor-widget-wrap elementor-element-populated\">\n\t\t\t\t\t\t<div class=\"elementor-element elementor-element-65e1065 elementor-widget elementor-widget-heading\" data-id=\"65e1065\" data-element_type=\"widget\" data-e-type=\"widget\" data-widget_type=\"heading.default\">\n\t\t\t\t<div class=\"elementor-widget-container\">\n\t\t\t\t\t<h3 class=\"elementor-heading-title elementor-size-default\">1 session<br>(14 cr\u00e9dits)<\/h3>\t\t\t\t<\/div>\n\t\t\t\t<\/div>\n\t\t\t\t<div class=\"elementor-element elementor-element-76e721c elementor-widget elementor-widget-heading\" data-id=\"76e721c\" data-element_type=\"widget\" data-e-type=\"widget\" data-widget_type=\"heading.default\">\n\t\t\t\t<div class=\"elementor-widget-container\">\n\t\t\t\t\t<h2 class=\"elementor-heading-title elementor-size-default\">9,99\u20ac<\/h2>\t\t\t\t<\/div>\n\t\t\t\t<\/div>\n\t\t\t\t<div class=\"elementor-element elementor-element-c065517 elementor-widget elementor-widget-heading\" data-id=\"c065517\" data-element_type=\"widget\" data-e-type=\"widget\" data-widget_type=\"heading.default\">\n\t\t\t\t<div class=\"elementor-widget-container\">\n\t\t\t\t\t<p class=\"elementor-heading-title elementor-size-default\">instead of 35\u20ac<\/p>\t\t\t\t<\/div>\n\t\t\t\t<\/div>\n\t\t\t\t<div class=\"elementor-element elementor-element-9427d50 elementor-widget elementor-widget-heading\" data-id=\"9427d50\" data-element_type=\"widget\" data-e-type=\"widget\" data-widget_type=\"heading.default\">\n\t\t\t\t<div class=\"elementor-widget-container\">\n\t\t\t\t\t<p class=\"elementor-heading-title elementor-size-default\">Valid for 1 month<\/p>\t\t\t\t<\/div>\n\t\t\t\t<\/div>\n\t\t\t\t<div class=\"elementor-element elementor-element-2cfea19 btn-mobile elementor-align-center elementor-widget elementor-widget-button\" data-id=\"2cfea19\" data-element_type=\"widget\" data-e-type=\"widget\" data-widget_type=\"button.default\">\n\t\t\t\t<div class=\"elementor-widget-container\">\n\t\t\t\t\t\t\t\t\t<div class=\"elementor-button-wrapper\">\n\t\t\t\t\t<a class=\"elementor-button elementor-button-link elementor-size-sm\" href=\"https:\/\/backoffice.bsport.io\/customer\/payment\/pass\/726239\/?membership=2440&#038;force=true\">\n\t\t\t\t\t\t<span class=\"elementor-button-content-wrapper\">\n\t\t\t\t\t\t\t\t\t<span class=\"elementor-button-text\">BUY<\/span>\n\t\t\t\t\t<\/span>\n\t\t\t\t\t<\/a>\n\t\t\t\t<\/div>\n\t\t\t\t\t\t\t\t<\/div>\n\t\t\t\t<\/div>\n\t\t\t\t\t<\/div>\n\t\t<\/div>\n\t\t\t\t<div class=\"elementor-column elementor-col-50 elementor-top-column elementor-element elementor-element-b66f836\" data-id=\"b66f836\" data-element_type=\"column\" data-e-type=\"column\" data-settings=\"{&quot;background_background&quot;:&quot;classic&quot;}\">\n\t\t\t<div class=\"elementor-widget-wrap elementor-element-populated\">\n\t\t\t\t\t\t<div class=\"elementor-element elementor-element-df074ea elementor-widget elementor-widget-heading\" data-id=\"df074ea\" data-element_type=\"widget\" data-e-type=\"widget\" data-widget_type=\"heading.default\">\n\t\t\t\t<div class=\"elementor-widget-container\">\n\t\t\t\t\t<h3 class=\"elementor-heading-title elementor-size-default\">3 session<br>(42 credits)<\/h3>\t\t\t\t<\/div>\n\t\t\t\t<\/div>\n\t\t\t\t<div class=\"elementor-element elementor-element-9b07dbe elementor-widget elementor-widget-heading\" data-id=\"9b07dbe\" data-element_type=\"widget\" data-e-type=\"widget\" data-widget_type=\"heading.default\">\n\t\t\t\t<div class=\"elementor-widget-container\">\n\t\t\t\t\t<h2 class=\"elementor-heading-title elementor-size-default\">39,99\u20ac<\/h2>\t\t\t\t<\/div>\n\t\t\t\t<\/div>\n\t\t\t\t<div class=\"elementor-element elementor-element-54bcca2 elementor-widget elementor-widget-heading\" data-id=\"54bcca2\" data-element_type=\"widget\" data-e-type=\"widget\" data-widget_type=\"heading.default\">\n\t\t\t\t<div class=\"elementor-widget-container\">\n\t\t\t\t\t<p class=\"elementor-heading-title elementor-size-default\">instead of 105\u20ac<\/p>\t\t\t\t<\/div>\n\t\t\t\t<\/div>\n\t\t\t\t<div class=\"elementor-element elementor-element-3d2333e elementor-widget elementor-widget-heading\" data-id=\"3d2333e\" data-element_type=\"widget\" data-e-type=\"widget\" data-widget_type=\"heading.default\">\n\t\t\t\t<div class=\"elementor-widget-container\">\n\t\t\t\t\t<p class=\"elementor-heading-title elementor-size-default\">Valid for 2 months<\/p>\t\t\t\t<\/div>\n\t\t\t\t<\/div>\n\t\t\t\t<div class=\"elementor-element elementor-element-1e8412e btn-mobile elementor-align-center elementor-widget elementor-widget-button\" data-id=\"1e8412e\" data-element_type=\"widget\" data-e-type=\"widget\" data-widget_type=\"button.default\">\n\t\t\t\t<div class=\"elementor-widget-container\">\n\t\t\t\t\t\t\t\t\t<div class=\"elementor-button-wrapper\">\n\t\t\t\t\t<a class=\"elementor-button elementor-button-link elementor-size-sm\" href=\"https:\/\/backoffice.bsport.io\/customer\/payment\/pass\/726230\/?membership=2440&#038;force=true\">\n\t\t\t\t\t\t<span class=\"elementor-button-content-wrapper\">\n\t\t\t\t\t\t\t\t\t<span class=\"elementor-button-text\">BUY<\/span>\n\t\t\t\t\t<\/span>\n\t\t\t\t\t<\/a>\n\t\t\t\t<\/div>\n\t\t\t\t\t\t\t\t<\/div>\n\t\t\t\t<\/div>\n\t\t\t\t\t<\/div>\n\t\t<\/div>\n\t\t\t\t\t<\/div>\n\t\t<\/section>\n\t\t\t\t<\/div>","protected":false},"excerpt":{"rendered":"<p>Merci pour votre achatsur The Bradery ! Vous venez d\u2019acheter votre nouveau pack de s\u00e9ances SPACE sur The Bradery. Choisissez le pack correspondant au code promo que vous avez re\u00e7u, et entrez-le au moment du paiement. Pas d\u2019inqui\u00e9tude ! Vous ne serez pas d\u00e9bit\u00e9 2 fois. 1 session(14 cr\u00e9dits) 9,99\u20ac au lieu de 35\u20ac Valable [&hellip;]<\/p>\n","protected":false},"author":4,"featured_media":15878,"parent":0,"menu_order":0,"comment_status":"closed","ping_status":"closed","template":"","meta":{"_acf_changed":false,"footnotes":""},"class_list":["post-18175","page","type-page","status-publish","has-post-thumbnail","hentry"],"acf":[],"yoast_head":"<!-- This site is optimized with the Yoast SEO plugin v27.5 - https:\/\/yoast.com\/product\/yoast-seo-wordpress\/ -->\n<title>The Bradery x Space - Space Cycle<\/title>\n<meta name=\"robots\" content=\"noindex, nofollow\" \/>\n<meta property=\"og:locale\" content=\"en_GB\" \/>\n<meta property=\"og:type\" content=\"article\" \/>\n<meta property=\"og:title\" content=\"The Bradery x Space - Space Cycle\" \/>\n<meta property=\"og:description\" content=\"Merci pour votre achatsur The Bradery ! Vous venez d\u2019acheter votre nouveau pack de s\u00e9ances SPACE sur The Bradery. Choisissez le pack correspondant au code promo que vous avez re\u00e7u, et entrez-le au moment du paiement. Pas d\u2019inqui\u00e9tude ! Vous ne serez pas d\u00e9bit\u00e9 2 fois. 1 session(14 cr\u00e9dits) 9,99\u20ac au lieu de 35\u20ac Valable [&hellip;]\" \/>\n<meta property=\"og:url\" content=\"https:\/\/www.space-cycle.com\/en\/the-bradery\/\" \/>\n<meta property=\"og:site_name\" content=\"Space Cycle\" \/>\n<meta property=\"article:modified_time\" content=\"2026-01-15T16:49:09+00:00\" \/>\n<meta property=\"og:image\" content=\"https:\/\/www.space-cycle.com\/wp-content\/uploads\/POP-UP-1-2-924x1024.png\" \/>\n\t<meta property=\"og:image:width\" content=\"924\" \/>\n\t<meta property=\"og:image:height\" content=\"1024\" \/>\n\t<meta property=\"og:image:type\" content=\"image\/png\" \/>\n<meta name=\"twitter:card\" content=\"summary_large_image\" \/>\n<meta name=\"twitter:label1\" content=\"Estimated reading time\" \/>\n\t<meta name=\"twitter:data1\" content=\"1 minute\" \/>\n<script type=\"application\/ld+json\" class=\"yoast-schema-graph\">{\"@context\":\"https:\\\/\\\/schema.org\",\"@graph\":[{\"@type\":\"WebPage\",\"@id\":\"https:\\\/\\\/www.space-cycle.com\\\/the-bradery\\\/\",\"url\":\"https:\\\/\\\/www.space-cycle.com\\\/the-bradery\\\/\",\"name\":\"The Bradery x Space - Space Cycle\",\"isPartOf\":{\"@id\":\"https:\\\/\\\/www.space-cycle.com\\\/#website\"},\"primaryImageOfPage\":{\"@id\":\"https:\\\/\\\/www.space-cycle.com\\\/the-bradery\\\/#primaryimage\"},\"image\":{\"@id\":\"https:\\\/\\\/www.space-cycle.com\\\/the-bradery\\\/#primaryimage\"},\"thumbnailUrl\":\"https:\\\/\\\/www.space-cycle.com\\\/wp-content\\\/uploads\\\/POP-UP-1-2.png\",\"datePublished\":\"2024-05-24T12:59:47+00:00\",\"dateModified\":\"2026-01-15T16:49:09+00:00\",\"breadcrumb\":{\"@id\":\"https:\\\/\\\/www.space-cycle.com\\\/the-bradery\\\/#breadcrumb\"},\"inLanguage\":\"en-GB\",\"potentialAction\":[{\"@type\":\"ReadAction\",\"target\":[\"https:\\\/\\\/www.space-cycle.com\\\/the-bradery\\\/\"]}]},{\"@type\":\"ImageObject\",\"inLanguage\":\"en-GB\",\"@id\":\"https:\\\/\\\/www.space-cycle.com\\\/the-bradery\\\/#primaryimage\",\"url\":\"https:\\\/\\\/www.space-cycle.com\\\/wp-content\\\/uploads\\\/POP-UP-1-2.png\",\"contentUrl\":\"https:\\\/\\\/www.space-cycle.com\\\/wp-content\\\/uploads\\\/POP-UP-1-2.png\",\"width\":2294,\"height\":2541},{\"@type\":\"BreadcrumbList\",\"@id\":\"https:\\\/\\\/www.space-cycle.com\\\/the-bradery\\\/#breadcrumb\",\"itemListElement\":[{\"@type\":\"ListItem\",\"position\":1,\"name\":\"Accueil\",\"item\":\"https:\\\/\\\/www.space-cycle.com\\\/\"},{\"@type\":\"ListItem\",\"position\":2,\"name\":\"The Bradery x Space\"}]},{\"@type\":\"WebSite\",\"@id\":\"https:\\\/\\\/www.space-cycle.com\\\/#website\",\"url\":\"https:\\\/\\\/www.space-cycle.com\\\/\",\"name\":\"Space Cycle\",\"description\":\"\",\"publisher\":{\"@id\":\"https:\\\/\\\/www.space-cycle.com\\\/#organization\"},\"potentialAction\":[{\"@type\":\"SearchAction\",\"target\":{\"@type\":\"EntryPoint\",\"urlTemplate\":\"https:\\\/\\\/www.space-cycle.com\\\/?s={search_term_string}\"},\"query-input\":{\"@type\":\"PropertyValueSpecification\",\"valueRequired\":true,\"valueName\":\"search_term_string\"}}],\"inLanguage\":\"en-GB\"},{\"@type\":\"Organization\",\"@id\":\"https:\\\/\\\/www.space-cycle.com\\\/#organization\",\"name\":\"Space Cycle\",\"url\":\"https:\\\/\\\/www.space-cycle.com\\\/\",\"logo\":{\"@type\":\"ImageObject\",\"inLanguage\":\"en-GB\",\"@id\":\"https:\\\/\\\/www.space-cycle.com\\\/#\\\/schema\\\/logo\\\/image\\\/\",\"url\":\"https:\\\/\\\/www.space-cycle.com\\\/wp-content\\\/uploads\\\/logo-black.svg\",\"contentUrl\":\"https:\\\/\\\/www.space-cycle.com\\\/wp-content\\\/uploads\\\/logo-black.svg\",\"width\":1,\"height\":1,\"caption\":\"Space Cycle\"},\"image\":{\"@id\":\"https:\\\/\\\/www.space-cycle.com\\\/#\\\/schema\\\/logo\\\/image\\\/\"}}]}<\/script>\n<!-- \/ Yoast SEO plugin. -->","yoast_head_json":{"title":"The Bradery x Space - Space Cycle","robots":{"index":"noindex","follow":"nofollow"},"og_locale":"en_GB","og_type":"article","og_title":"The Bradery x Space - Space Cycle","og_description":"Merci pour votre achatsur The Bradery ! Vous venez d\u2019acheter votre nouveau pack de s\u00e9ances SPACE sur The Bradery. Choisissez le pack correspondant au code promo que vous avez re\u00e7u, et entrez-le au moment du paiement. Pas d\u2019inqui\u00e9tude ! Vous ne serez pas d\u00e9bit\u00e9 2 fois. 1 session(14 cr\u00e9dits) 9,99\u20ac au lieu de 35\u20ac Valable [&hellip;]","og_url":"https:\/\/www.space-cycle.com\/en\/the-bradery\/","og_site_name":"Space Cycle","article_modified_time":"2026-01-15T16:49:09+00:00","og_image":[{"width":924,"height":1024,"url":"https:\/\/www.space-cycle.com\/wp-content\/uploads\/POP-UP-1-2-924x1024.png","type":"image\/png"}],"twitter_card":"summary_large_image","twitter_misc":{"Estimated reading time":"1 minute"},"schema":{"@context":"https:\/\/schema.org","@graph":[{"@type":"WebPage","@id":"https:\/\/www.space-cycle.com\/the-bradery\/","url":"https:\/\/www.space-cycle.com\/the-bradery\/","name":"The Bradery x Space - Space Cycle","isPartOf":{"@id":"https:\/\/www.space-cycle.com\/#website"},"primaryImageOfPage":{"@id":"https:\/\/www.space-cycle.com\/the-bradery\/#primaryimage"},"image":{"@id":"https:\/\/www.space-cycle.com\/the-bradery\/#primaryimage"},"thumbnailUrl":"https:\/\/www.space-cycle.com\/wp-content\/uploads\/POP-UP-1-2.png","datePublished":"2024-05-24T12:59:47+00:00","dateModified":"2026-01-15T16:49:09+00:00","breadcrumb":{"@id":"https:\/\/www.space-cycle.com\/the-bradery\/#breadcrumb"},"inLanguage":"en-GB","potentialAction":[{"@type":"ReadAction","target":["https:\/\/www.space-cycle.com\/the-bradery\/"]}]},{"@type":"ImageObject","inLanguage":"en-GB","@id":"https:\/\/www.space-cycle.com\/the-bradery\/#primaryimage","url":"https:\/\/www.space-cycle.com\/wp-content\/uploads\/POP-UP-1-2.png","contentUrl":"https:\/\/www.space-cycle.com\/wp-content\/uploads\/POP-UP-1-2.png","width":2294,"height":2541},{"@type":"BreadcrumbList","@id":"https:\/\/www.space-cycle.com\/the-bradery\/#breadcrumb","itemListElement":[{"@type":"ListItem","position":1,"name":"Accueil","item":"https:\/\/www.space-cycle.com\/"},{"@type":"ListItem","position":2,"name":"The Bradery x Space"}]},{"@type":"WebSite","@id":"https:\/\/www.space-cycle.com\/#website","url":"https:\/\/www.space-cycle.com\/","name":"Space Cycle","description":"","publisher":{"@id":"https:\/\/www.space-cycle.com\/#organization"},"potentialAction":[{"@type":"SearchAction","target":{"@type":"EntryPoint","urlTemplate":"https:\/\/www.space-cycle.com\/?s={search_term_string}"},"query-input":{"@type":"PropertyValueSpecification","valueRequired":true,"valueName":"search_term_string"}}],"inLanguage":"en-GB"},{"@type":"Organization","@id":"https:\/\/www.space-cycle.com\/#organization","name":"Space Cycle","url":"https:\/\/www.space-cycle.com\/","logo":{"@type":"ImageObject","inLanguage":"en-GB","@id":"https:\/\/www.space-cycle.com\/#\/schema\/logo\/image\/","url":"https:\/\/www.space-cycle.com\/wp-content\/uploads\/logo-black.svg","contentUrl":"https:\/\/www.space-cycle.com\/wp-content\/uploads\/logo-black.svg","width":1,"height":1,"caption":"Space Cycle"},"image":{"@id":"https:\/\/www.space-cycle.com\/#\/schema\/logo\/image\/"}}]}},"jetpack_sharing_enabled":true,"publishpress_future_action":{"enabled":false,"date":"2026-05-09 07:04:34","action":"change-status","newStatus":"draft","terms":[],"taxonomy":"","extraData":[]},"publishpress_future_workflow_manual_trigger":{"enabledWorkflows":[]},"_links":{"self":[{"href":"https:\/\/www.space-cycle.com\/en\/wp-json\/wp\/v2\/pages\/18175","targetHints":{"allow":["GET"]}}],"collection":[{"href":"https:\/\/www.space-cycle.com\/en\/wp-json\/wp\/v2\/pages"}],"about":[{"href":"https:\/\/www.space-cycle.com\/en\/wp-json\/wp\/v2\/types\/page"}],"author":[{"embeddable":true,"href":"https:\/\/www.space-cycle.com\/en\/wp-json\/wp\/v2\/users\/4"}],"replies":[{"embeddable":true,"href":"https:\/\/www.space-cycle.com\/en\/wp-json\/wp\/v2\/comments?post=18175"}],"version-history":[{"count":3,"href":"https:\/\/www.space-cycle.com\/en\/wp-json\/wp\/v2\/pages\/18175\/revisions"}],"predecessor-version":[{"id":21647,"href":"https:\/\/www.space-cycle.com\/en\/wp-json\/wp\/v2\/pages\/18175\/revisions\/21647"}],"wp:featuredmedia":[{"embeddable":true,"href":"https:\/\/www.space-cycle.com\/en\/wp-json\/wp\/v2\/media\/15878"}],"wp:attachment":[{"href":"https:\/\/www.space-cycle.com\/en\/wp-json\/wp\/v2\/media?parent=18175"}],"curies":[{"name":"wp","href":"https:\/\/api.w.org\/{rel}","templated":true}]}}