{"id":18213,"date":"2024-05-29T10:44:06","date_gmt":"2024-05-29T08:44:06","guid":{"rendered":"https:\/\/www.space-cycle.com\/?page_id=18213"},"modified":"2024-06-27T10:34:09","modified_gmt":"2024-06-27T08:34:09","slug":"abonnement-14-credits-engagement-1-an","status":"publish","type":"page","link":"https:\/\/www.space-cycle.com\/en\/abonnement-14-credits-engagement-1-an\/","title":{"rendered":"Subscription \u2013 14 credits \u2013 1 year commitment"},"content":{"rendered":"<div data-elementor-type=\"wp-page\" data-elementor-id=\"18213\" class=\"elementor elementor-18213\" data-elementor-post-type=\"page\">\n\t\t\t\t\t\t<section class=\"elementor-section elementor-top-section elementor-element elementor-element-7c60051 elementor-section-boxed elementor-section-height-default elementor-section-height-default\" data-id=\"7c60051\" data-element_type=\"section\" data-e-type=\"section\" data-settings=\"{&quot;background_background&quot;:&quot;classic&quot;}\">\n\t\t\t\t\t\t<div class=\"elementor-container elementor-column-gap-default\">\n\t\t\t\t\t<div class=\"elementor-column elementor-col-100 elementor-top-column elementor-element elementor-element-49c2ad9\" data-id=\"49c2ad9\" data-element_type=\"column\" data-e-type=\"column\">\n\t\t\t<div class=\"elementor-widget-wrap elementor-element-populated\">\n\t\t\t\t\t\t<div class=\"elementor-element elementor-element-7c907a9 elementor-widget elementor-widget-heading\" data-id=\"7c907a9\" data-element_type=\"widget\" data-e-type=\"widget\" data-widget_type=\"heading.default\">\n\t\t\t\t<div class=\"elementor-widget-container\">\n\t\t\t\t\t<h1 class=\"elementor-heading-title elementor-size-default\">book<\/h1>\t\t\t\t<\/div>\n\t\t\t\t<\/div>\n\t\t\t\t<div class=\"elementor-element elementor-element-dfa14bd elementor-widget elementor-widget-heading\" data-id=\"dfa14bd\" data-element_type=\"widget\" data-e-type=\"widget\" data-widget_type=\"heading.default\">\n\t\t\t\t<div class=\"elementor-widget-container\">\n\t\t\t\t\t<h2 class=\"elementor-heading-title elementor-size-default\">14 credits \/ week - 1 year commitment<\/h2>\t\t\t\t<\/div>\n\t\t\t\t<\/div>\n\t\t\t\t<div class=\"elementor-element elementor-element-2ca1fd1 elementor-widget elementor-widget-text-editor\" data-id=\"2ca1fd1\" data-element_type=\"widget\" data-e-type=\"widget\" data-widget_type=\"text-editor.default\">\n\t\t\t\t<div class=\"elementor-widget-container\">\n\t\t\t\t\t\t\t\t\t<ul><li>Weekly withdrawal, automatically renewed every 7 days.<\/li><li>1 year commitment.<\/li><li>Credits valid for 4 weeks.<\/li><li>Usable in all Sanctuary concepts.<\/li><li>Following the commitment period, the subscription is renewed monthly by tacit agreement and can be canceled at any time.<\/li><\/ul>\t\t\t\t\t\t\t\t<\/div>\n\t\t\t\t<\/div>\n\t\t\t\t<div class=\"elementor-element elementor-element-9a48d82 new-btn btn-mini elementor-mobile-align-center elementor-align-center elementor-widget elementor-widget-button\" data-id=\"9a48d82\" data-element_type=\"widget\" data-e-type=\"widget\" data-widget_type=\"button.default\">\n\t\t\t\t<div class=\"elementor-widget-container\">\n\t\t\t\t\t\t\t\t\t<div class=\"elementor-button-wrapper\">\n\t\t\t\t\t<a class=\"elementor-button elementor-button-link elementor-size-sm\" href=\"https:\/\/backoffice.bsport.io\/checkout\/2440\/subscription\/16787?force=true\">\n\t\t\t\t\t\t<span class=\"elementor-button-content-wrapper\">\n\t\t\t\t\t\t\t\t\t<span class=\"elementor-button-text\">I subscribe<\/span>\n\t\t\t\t\t<\/span>\n\t\t\t\t\t<\/a>\n\t\t\t\t<\/div>\n\t\t\t\t\t\t\t\t<\/div>\n\t\t\t\t<\/div>\n\t\t\t\t\t<\/div>\n\t\t<\/div>\n\t\t\t\t\t<\/div>\n\t\t<\/section>\n\t\t\t\t<section class=\"elementor-section elementor-top-section elementor-element elementor-element-682c2328 elementor-section-boxed elementor-section-height-default elementor-section-height-default\" data-id=\"682c2328\" data-element_type=\"section\" data-e-type=\"section\">\n\t\t\t\t\t\t<div class=\"elementor-container elementor-column-gap-default\">\n\t\t\t\t\t<div class=\"elementor-column elementor-col-100 elementor-top-column elementor-element elementor-element-5ccf034f\" data-id=\"5ccf034f\" data-element_type=\"column\" data-e-type=\"column\">\n\t\t\t<div class=\"elementor-widget-wrap elementor-element-populated\">\n\t\t\t\t\t\t\t<\/div>\n\t\t<\/div>\n\t\t\t\t\t<\/div>\n\t\t<\/section>\n\t\t\t\t<\/div>","protected":false},"excerpt":{"rendered":"<p>Reserve 14 credits \/ week \u2013 1-year commitment Weekly payment, automatically renewed every 7 days. 1-year commitment. Credits valid for 4 weeks. Usable in all Sanctuary concepts. Following the commitment period, the subscription is renewed monthly by tacit agreement and can be canceled at any time. I subscribe<\/p>","protected":false},"author":3,"featured_media":15554,"parent":0,"menu_order":0,"comment_status":"closed","ping_status":"closed","template":"","meta":{"_acf_changed":false,"footnotes":""},"class_list":["post-18213","page","type-page","status-publish","has-post-thumbnail","hentry"],"acf":[],"yoast_head":"<!-- This site is optimized with the Yoast SEO plugin v27.5 - https:\/\/yoast.com\/product\/yoast-seo-wordpress\/ -->\n<title>Abonnement - 14 cr\u00e9dits - Engagement 1 an - Space Cycle<\/title>\n<meta name=\"robots\" content=\"index, follow, max-snippet:-1, max-image-preview:large, max-video-preview:-1\" \/>\n<link rel=\"canonical\" href=\"https:\/\/www.space-cycle.com\/en\/abonnement-14-credits-engagement-1-an\/\" \/>\n<meta property=\"og:locale\" content=\"en_GB\" \/>\n<meta property=\"og:type\" content=\"article\" \/>\n<meta property=\"og:title\" content=\"Abonnement - 14 cr\u00e9dits - Engagement 1 an - Space Cycle\" \/>\n<meta property=\"og:description\" content=\"R\u00e9server 14 cr\u00e9dits \/ semaine &#8211; Engagement 1 an Pr\u00e9l\u00e8vement hebdomadaire, renouvel\u00e9 automatiquement tous les 7 jours. Engagement 1 an. Cr\u00e9dits valables 4 semaines. Utilisable dans tous les concepts Sanctuary. Suite \u00e0 la p\u00e9riode d\u2019engagement, l&#8217;abonnement est reconduit mensuellement par tacite reconduction et est r\u00e9siliable \u00e0 tout moment. Je m&#8217;abonne\" \/>\n<meta property=\"og:url\" content=\"https:\/\/www.space-cycle.com\/en\/abonnement-14-credits-engagement-1-an\/\" \/>\n<meta property=\"og:site_name\" content=\"Space Cycle\" \/>\n<meta property=\"article:modified_time\" content=\"2024-06-27T08:34:09+00:00\" \/>\n<meta property=\"og:image\" content=\"https:\/\/www.space-cycle.com\/wp-content\/uploads\/2-4.png\" \/>\n\t<meta property=\"og:image:width\" content=\"1420\" \/>\n\t<meta property=\"og:image:height\" content=\"980\" \/>\n\t<meta property=\"og:image:type\" content=\"image\/png\" \/>\n<meta name=\"twitter:card\" content=\"summary_large_image\" \/>\n<meta name=\"twitter:label1\" content=\"Estimated reading time\" \/>\n\t<meta name=\"twitter:data1\" content=\"1 minute\" \/>\n<script type=\"application\/ld+json\" class=\"yoast-schema-graph\">{\"@context\":\"https:\\\/\\\/schema.org\",\"@graph\":[{\"@type\":\"WebPage\",\"@id\":\"https:\\\/\\\/www.space-cycle.com\\\/abonnement-14-credits-engagement-1-an\\\/\",\"url\":\"https:\\\/\\\/www.space-cycle.com\\\/abonnement-14-credits-engagement-1-an\\\/\",\"name\":\"Abonnement - 14 cr\u00e9dits - Engagement 1 an - Space Cycle\",\"isPartOf\":{\"@id\":\"https:\\\/\\\/www.space-cycle.com\\\/#website\"},\"primaryImageOfPage\":{\"@id\":\"https:\\\/\\\/www.space-cycle.com\\\/abonnement-14-credits-engagement-1-an\\\/#primaryimage\"},\"image\":{\"@id\":\"https:\\\/\\\/www.space-cycle.com\\\/abonnement-14-credits-engagement-1-an\\\/#primaryimage\"},\"thumbnailUrl\":\"https:\\\/\\\/www.space-cycle.com\\\/wp-content\\\/uploads\\\/2-4.png\",\"datePublished\":\"2024-05-29T08:44:06+00:00\",\"dateModified\":\"2024-06-27T08:34:09+00:00\",\"breadcrumb\":{\"@id\":\"https:\\\/\\\/www.space-cycle.com\\\/abonnement-14-credits-engagement-1-an\\\/#breadcrumb\"},\"inLanguage\":\"en-GB\",\"potentialAction\":[{\"@type\":\"ReadAction\",\"target\":[\"https:\\\/\\\/www.space-cycle.com\\\/abonnement-14-credits-engagement-1-an\\\/\"]}]},{\"@type\":\"ImageObject\",\"inLanguage\":\"en-GB\",\"@id\":\"https:\\\/\\\/www.space-cycle.com\\\/abonnement-14-credits-engagement-1-an\\\/#primaryimage\",\"url\":\"https:\\\/\\\/www.space-cycle.com\\\/wp-content\\\/uploads\\\/2-4.png\",\"contentUrl\":\"https:\\\/\\\/www.space-cycle.com\\\/wp-content\\\/uploads\\\/2-4.png\",\"width\":1420,\"height\":980},{\"@type\":\"BreadcrumbList\",\"@id\":\"https:\\\/\\\/www.space-cycle.com\\\/abonnement-14-credits-engagement-1-an\\\/#breadcrumb\",\"itemListElement\":[{\"@type\":\"ListItem\",\"position\":1,\"name\":\"Accueil\",\"item\":\"https:\\\/\\\/www.space-cycle.com\\\/\"},{\"@type\":\"ListItem\",\"position\":2,\"name\":\"Abonnement &#8211; 14 cr\u00e9dits &#8211; Engagement 1 an\"}]},{\"@type\":\"WebSite\",\"@id\":\"https:\\\/\\\/www.space-cycle.com\\\/#website\",\"url\":\"https:\\\/\\\/www.space-cycle.com\\\/\",\"name\":\"Space Cycle\",\"description\":\"\",\"publisher\":{\"@id\":\"https:\\\/\\\/www.space-cycle.com\\\/#organization\"},\"potentialAction\":[{\"@type\":\"SearchAction\",\"target\":{\"@type\":\"EntryPoint\",\"urlTemplate\":\"https:\\\/\\\/www.space-cycle.com\\\/?s={search_term_string}\"},\"query-input\":{\"@type\":\"PropertyValueSpecification\",\"valueRequired\":true,\"valueName\":\"search_term_string\"}}],\"inLanguage\":\"en-GB\"},{\"@type\":\"Organization\",\"@id\":\"https:\\\/\\\/www.space-cycle.com\\\/#organization\",\"name\":\"Space Cycle\",\"url\":\"https:\\\/\\\/www.space-cycle.com\\\/\",\"logo\":{\"@type\":\"ImageObject\",\"inLanguage\":\"en-GB\",\"@id\":\"https:\\\/\\\/www.space-cycle.com\\\/#\\\/schema\\\/logo\\\/image\\\/\",\"url\":\"https:\\\/\\\/www.space-cycle.com\\\/wp-content\\\/uploads\\\/logo-black.svg\",\"contentUrl\":\"https:\\\/\\\/www.space-cycle.com\\\/wp-content\\\/uploads\\\/logo-black.svg\",\"width\":1,\"height\":1,\"caption\":\"Space Cycle\"},\"image\":{\"@id\":\"https:\\\/\\\/www.space-cycle.com\\\/#\\\/schema\\\/logo\\\/image\\\/\"}}]}<\/script>\n<!-- \/ Yoast SEO plugin. -->","yoast_head_json":{"title":"Abonnement - 14 cr\u00e9dits - Engagement 1 an - Space Cycle","robots":{"index":"index","follow":"follow","max-snippet":"max-snippet:-1","max-image-preview":"max-image-preview:large","max-video-preview":"max-video-preview:-1"},"canonical":"https:\/\/www.space-cycle.com\/en\/abonnement-14-credits-engagement-1-an\/","og_locale":"en_GB","og_type":"article","og_title":"Abonnement - 14 cr\u00e9dits - Engagement 1 an - Space Cycle","og_description":"R\u00e9server 14 cr\u00e9dits \/ semaine &#8211; Engagement 1 an Pr\u00e9l\u00e8vement hebdomadaire, renouvel\u00e9 automatiquement tous les 7 jours. Engagement 1 an. Cr\u00e9dits valables 4 semaines. Utilisable dans tous les concepts Sanctuary. Suite \u00e0 la p\u00e9riode d\u2019engagement, l&#8217;abonnement est reconduit mensuellement par tacite reconduction et est r\u00e9siliable \u00e0 tout moment. Je m&#8217;abonne","og_url":"https:\/\/www.space-cycle.com\/en\/abonnement-14-credits-engagement-1-an\/","og_site_name":"Space Cycle","article_modified_time":"2024-06-27T08:34:09+00:00","og_image":[{"width":1420,"height":980,"url":"https:\/\/www.space-cycle.com\/wp-content\/uploads\/2-4.png","type":"image\/png"}],"twitter_card":"summary_large_image","twitter_misc":{"Estimated reading time":"1 minute"},"schema":{"@context":"https:\/\/schema.org","@graph":[{"@type":"WebPage","@id":"https:\/\/www.space-cycle.com\/abonnement-14-credits-engagement-1-an\/","url":"https:\/\/www.space-cycle.com\/abonnement-14-credits-engagement-1-an\/","name":"Abonnement - 14 cr\u00e9dits - Engagement 1 an - Space Cycle","isPartOf":{"@id":"https:\/\/www.space-cycle.com\/#website"},"primaryImageOfPage":{"@id":"https:\/\/www.space-cycle.com\/abonnement-14-credits-engagement-1-an\/#primaryimage"},"image":{"@id":"https:\/\/www.space-cycle.com\/abonnement-14-credits-engagement-1-an\/#primaryimage"},"thumbnailUrl":"https:\/\/www.space-cycle.com\/wp-content\/uploads\/2-4.png","datePublished":"2024-05-29T08:44:06+00:00","dateModified":"2024-06-27T08:34:09+00:00","breadcrumb":{"@id":"https:\/\/www.space-cycle.com\/abonnement-14-credits-engagement-1-an\/#breadcrumb"},"inLanguage":"en-GB","potentialAction":[{"@type":"ReadAction","target":["https:\/\/www.space-cycle.com\/abonnement-14-credits-engagement-1-an\/"]}]},{"@type":"ImageObject","inLanguage":"en-GB","@id":"https:\/\/www.space-cycle.com\/abonnement-14-credits-engagement-1-an\/#primaryimage","url":"https:\/\/www.space-cycle.com\/wp-content\/uploads\/2-4.png","contentUrl":"https:\/\/www.space-cycle.com\/wp-content\/uploads\/2-4.png","width":1420,"height":980},{"@type":"BreadcrumbList","@id":"https:\/\/www.space-cycle.com\/abonnement-14-credits-engagement-1-an\/#breadcrumb","itemListElement":[{"@type":"ListItem","position":1,"name":"Accueil","item":"https:\/\/www.space-cycle.com\/"},{"@type":"ListItem","position":2,"name":"Abonnement &#8211; 14 cr\u00e9dits &#8211; Engagement 1 an"}]},{"@type":"WebSite","@id":"https:\/\/www.space-cycle.com\/#website","url":"https:\/\/www.space-cycle.com\/","name":"Space Cycle","description":"","publisher":{"@id":"https:\/\/www.space-cycle.com\/#organization"},"potentialAction":[{"@type":"SearchAction","target":{"@type":"EntryPoint","urlTemplate":"https:\/\/www.space-cycle.com\/?s={search_term_string}"},"query-input":{"@type":"PropertyValueSpecification","valueRequired":true,"valueName":"search_term_string"}}],"inLanguage":"en-GB"},{"@type":"Organization","@id":"https:\/\/www.space-cycle.com\/#organization","name":"Space Cycle","url":"https:\/\/www.space-cycle.com\/","logo":{"@type":"ImageObject","inLanguage":"en-GB","@id":"https:\/\/www.space-cycle.com\/#\/schema\/logo\/image\/","url":"https:\/\/www.space-cycle.com\/wp-content\/uploads\/logo-black.svg","contentUrl":"https:\/\/www.space-cycle.com\/wp-content\/uploads\/logo-black.svg","width":1,"height":1,"caption":"Space Cycle"},"image":{"@id":"https:\/\/www.space-cycle.com\/#\/schema\/logo\/image\/"}}]}},"jetpack_sharing_enabled":true,"publishpress_future_action":{"enabled":false,"date":"2026-05-07 16:22:07","action":"change-status","newStatus":"draft","terms":[],"taxonomy":"","extraData":[]},"publishpress_future_workflow_manual_trigger":{"enabledWorkflows":[]},"_links":{"self":[{"href":"https:\/\/www.space-cycle.com\/en\/wp-json\/wp\/v2\/pages\/18213","targetHints":{"allow":["GET"]}}],"collection":[{"href":"https:\/\/www.space-cycle.com\/en\/wp-json\/wp\/v2\/pages"}],"about":[{"href":"https:\/\/www.space-cycle.com\/en\/wp-json\/wp\/v2\/types\/page"}],"author":[{"embeddable":true,"href":"https:\/\/www.space-cycle.com\/en\/wp-json\/wp\/v2\/users\/3"}],"replies":[{"embeddable":true,"href":"https:\/\/www.space-cycle.com\/en\/wp-json\/wp\/v2\/comments?post=18213"}],"version-history":[{"count":3,"href":"https:\/\/www.space-cycle.com\/en\/wp-json\/wp\/v2\/pages\/18213\/revisions"}],"predecessor-version":[{"id":18654,"href":"https:\/\/www.space-cycle.com\/en\/wp-json\/wp\/v2\/pages\/18213\/revisions\/18654"}],"wp:featuredmedia":[{"embeddable":true,"href":"https:\/\/www.space-cycle.com\/en\/wp-json\/wp\/v2\/media\/15554"}],"wp:attachment":[{"href":"https:\/\/www.space-cycle.com\/en\/wp-json\/wp\/v2\/media?parent=18213"}],"curies":[{"name":"wp","href":"https:\/\/api.w.org\/{rel}","templated":true}]}}